{"id":31,"date":"2024-07-24T09:32:25","date_gmt":"2024-07-24T12:32:25","guid":{"rendered":"https:\/\/soma.srv.br\/?page_id=31"},"modified":"2025-07-18T17:49:50","modified_gmt":"2025-07-18T20:49:50","slug":"a-empresa","status":"publish","type":"page","link":"https:\/\/soma.srv.br\/index.php\/a-empresa\/","title":{"rendered":"A EMPRESA"},"content":{"rendered":"\t\t<div data-elementor-type=\"wp-page\" data-elementor-id=\"31\" class=\"elementor elementor-31\">\n\t\t\t\t<div class=\"elementor-element elementor-element-722c081 e-flex e-con-boxed e-con e-parent\" data-id=\"722c081\" data-element_type=\"container\" data-e-type=\"container\">\n\t\t\t\t\t<div class=\"e-con-inner\">\n\t\t\t\t<div class=\"elementor-element elementor-element-dc7305b elementor-widget elementor-widget-spacer\" data-id=\"dc7305b\" data-element_type=\"widget\" data-e-type=\"widget\" data-widget_type=\"spacer.default\">\n\t\t\t\t<div class=\"elementor-widget-container\">\n\t\t\t\t\t\t\t<div class=\"elementor-spacer\">\n\t\t\t<div class=\"elementor-spacer-inner\"><\/div>\n\t\t<\/div>\n\t\t\t\t\t\t<\/div>\n\t\t\t\t<\/div>\n\t\t\t\t\t<\/div>\n\t\t\t\t<\/div>\n\t\t<div class=\"elementor-element elementor-element-1885112 e-flex e-con-boxed e-con e-parent\" data-id=\"1885112\" data-element_type=\"container\" data-e-type=\"container\">\n\t\t\t\t\t<div class=\"e-con-inner\">\n\t\t\t\t<div class=\"elementor-element elementor-element-b21152c elementor-widget elementor-widget-heading\" data-id=\"b21152c\" data-element_type=\"widget\" data-e-type=\"widget\" data-widget_type=\"heading.default\">\n\t\t\t\t<div class=\"elementor-widget-container\">\n\t\t\t\t\t<h2 class=\"elementor-heading-title elementor-size-default\">A Empresa<\/h2>\t\t\t\t<\/div>\n\t\t\t\t<\/div>\n\t\t\t\t\t<\/div>\n\t\t\t\t<\/div>\n\t\t<div class=\"elementor-element elementor-element-c02e338 e-flex e-con-boxed e-con e-parent\" data-id=\"c02e338\" data-element_type=\"container\" data-e-type=\"container\">\n\t\t\t\t\t<div class=\"e-con-inner\">\n\t\t\t\t<div class=\"elementor-element elementor-element-0cb563f elementor-widget elementor-widget-text-editor\" data-id=\"0cb563f\" data-element_type=\"widget\" data-e-type=\"widget\" data-widget_type=\"text-editor.default\">\n\t\t\t\t<div class=\"elementor-widget-container\">\n\t\t\t\t\t\t\t\t\t<p>A SOMA foi fundada em 2023 por advogados e executivos de empresas multinacionais e Organiza\u00e7\u00f5es da Sociedade Civil (OSC) renomadas, com mais de 20 anos de experi\u00eancia nas \u00e1reas jur\u00eddica, empresarial e do terceiro setor.<\/p><p>Na <strong>\u00e1rea jur\u00eddica<\/strong>, a SOMA destaca-se por sua atua\u00e7\u00e3o abrangente e consistente nos principais campos do direito p\u00fablico e privado, consolidando-se como uma refer\u00eancia tanto pela amplitude de sua atua\u00e7\u00e3o quanto pela qualidade dos servi\u00e7os prestados. A SOMA est\u00e1 sempre presente nas iniciativas promovidas pelas mais importantes entidades empresariais, jur\u00eddicas e acad\u00eamicas, demonstrando seu compromisso com o desenvolvimento e a atualiza\u00e7\u00e3o permanente do setor jur\u00eddico.<\/p><p>Essa busca cont\u00ednua por atualiza\u00e7\u00e3o e excel\u00eancia t\u00e9cnica reflete-se em uma equipe composta por profissionais altamente qualificados, comprometidos com a entrega de solu\u00e7\u00f5es jur\u00eddicas inovadoras e eficazes. A SOMA adota uma abordagem personalizada, direcionada \u00e0s demandas espec\u00edficas de cada cliente, o que garante n\u00e3o apenas a assertividade nas orienta\u00e7\u00f5es fornecidas, mas tamb\u00e9m a constru\u00e7\u00e3o de rela\u00e7\u00f5es de confian\u00e7a e parceria de longo prazo.<\/p><p>A SOMA \u00e9 um parceiro estrat\u00e9gico para empresas e organiza\u00e7\u00f5es que buscam apoio jur\u00eddico confi\u00e1vel, moderno e eficiente. A excel\u00eancia t\u00e9cnica, aliada \u00e0 vis\u00e3o inovadora e ao compromisso com a satisfa\u00e7\u00e3o do cliente, reafirma a voca\u00e7\u00e3o da SOMA para ser refer\u00eancia em assessoria e suporte jur\u00eddico em neg\u00f3cios, contribuindo de forma efetiva para o crescimento e a seguran\u00e7a dos seus clientes em um ambiente regulat\u00f3rio cada vez mais din\u00e2mico e desafiador.<\/p><p>Quanto a <strong>\u00e1rea empresarial<\/strong>, a SOMA possui larga experi\u00eancia em governan\u00e7a corporativa, gest\u00e3o estrat\u00e9gica e finan\u00e7as corporativas, enquanto na \u00e1rea do terceiro setor a SMSERVICES atua com todo o ciclo do Investimento Social Incentivado nas seguintes frentes: a) elabora\u00e7\u00e3o de projetos; b) capta\u00e7\u00e3o de recursos e assessoria para gest\u00e3o de projetos e presta\u00e7\u00e3o de contas; c) assessoria t\u00e9cnico-legal; d) suporte \u00e0 capta\u00e7\u00e3o de recursos; e) planejamento e governan\u00e7a; e f) apoio ao investimento social.<\/p><p>Do ponto de vista do setor empresarial, a SOMA atua em conjunto para compreender as necessidades espec\u00edficas e desenvolver solu\u00e7\u00f5es personalizadas que se encaixem perfeitamente na estrutura de seus clientes. A metodologia da SOMA garante a aplica\u00e7\u00e3o das melhores pr\u00e1ticas com an\u00e1lises de resultado e compartilhamento de conhecimento para capacitar e alavancar os times de nossos clientes.<\/p><p>Al\u00e9m disso, a SOMA reconhece a import\u00e2ncia de um planejamento patrimonial cuidadoso e da preserva\u00e7\u00e3o da riqueza. A SOMA possui uma equipe de consultores experientes trabalha em estreita colabora\u00e7\u00e3o com os clientes para desenvolver planos patrimoniais abrangentes que protegem os ativos e garantem uma transfer\u00eancia tranquila de riqueza para as gera\u00e7\u00f5es futuras.<\/p><p>J\u00e1 do ponto de vista do <strong>terceiro setor<\/strong>, a SOMA acredita que as a\u00e7\u00f5es da Sociedade Civil Organizada s\u00e3o ferramentas poderosas de transforma\u00e7\u00e3o social, capazes de pautar demandas emergentes e desenvolver pol\u00edticas p\u00fablicas para suprir necessidades e fortalecer causas.<\/p>\t\t\t\t\t\t\t\t<\/div>\n\t\t\t\t<\/div>\n\t\t\t\t\t<\/div>\n\t\t\t\t<\/div>\n\t\t\t\t<\/div>\n\t\t","protected":false},"excerpt":{"rendered":"<p>A Empresa A SOMA foi fundada em 2023 por advogados e executivos de empresas multinacionais e Organiza\u00e7\u00f5es da Sociedade Civil (OSC) renomadas, com mais de 20 anos de experi\u00eancia nas \u00e1reas jur\u00eddica, empresarial e do terceiro setor. Na \u00e1rea jur\u00eddica, a SOMA destaca-se por sua atua\u00e7\u00e3o abrangente e consistente nos principais campos do direito p\u00fablico [&hellip;]<\/p>\n","protected":false},"author":1,"featured_media":0,"parent":0,"menu_order":0,"comment_status":"closed","ping_status":"closed","template":"elementor_header_footer","meta":{"ocean_post_layout":"","ocean_both_sidebars_style":"","ocean_both_sidebars_content_width":0,"ocean_both_sidebars_sidebars_width":0,"ocean_sidebar":"","ocean_second_sidebar":"","ocean_disable_margins":"enable","ocean_add_body_class":"","ocean_shortcode_before_top_bar":"","ocean_shortcode_after_top_bar":"","ocean_shortcode_before_header":"","ocean_shortcode_after_header":"","ocean_has_shortcode":"","ocean_shortcode_after_title":"","ocean_shortcode_before_footer_widgets":"","ocean_shortcode_after_footer_widgets":"","ocean_shortcode_before_footer_bottom":"","ocean_shortcode_after_footer_bottom":"","ocean_display_top_bar":"default","ocean_display_header":"default","ocean_header_style":"","ocean_center_header_left_menu":"","ocean_custom_header_template":"","ocean_custom_logo":0,"ocean_custom_retina_logo":0,"ocean_custom_logo_max_width":0,"ocean_custom_logo_tablet_max_width":0,"ocean_custom_logo_mobile_max_width":0,"ocean_custom_logo_max_height":0,"ocean_custom_logo_tablet_max_height":0,"ocean_custom_logo_mobile_max_height":0,"ocean_header_custom_menu":"","ocean_menu_typo_font_family":"","ocean_menu_typo_font_subset":"","ocean_menu_typo_font_size":0,"ocean_menu_typo_font_size_tablet":0,"ocean_menu_typo_font_size_mobile":0,"ocean_menu_typo_font_size_unit":"px","ocean_menu_typo_font_weight":"","ocean_menu_typo_font_weight_tablet":"","ocean_menu_typo_font_weight_mobile":"","ocean_menu_typo_transform":"","ocean_menu_typo_transform_tablet":"","ocean_menu_typo_transform_mobile":"","ocean_menu_typo_line_height":0,"ocean_menu_typo_line_height_tablet":0,"ocean_menu_typo_line_height_mobile":0,"ocean_menu_typo_line_height_unit":"","ocean_menu_typo_spacing":0,"ocean_menu_typo_spacing_tablet":0,"ocean_menu_typo_spacing_mobile":0,"ocean_menu_typo_spacing_unit":"","ocean_menu_link_color":"","ocean_menu_link_color_hover":"","ocean_menu_link_color_active":"","ocean_menu_link_background":"","ocean_menu_link_hover_background":"","ocean_menu_link_active_background":"","ocean_menu_social_links_bg":"","ocean_menu_social_hover_links_bg":"","ocean_menu_social_links_color":"","ocean_menu_social_hover_links_color":"","ocean_disable_title":"on","ocean_disable_heading":"default","ocean_post_title":"","ocean_post_subheading":"","ocean_post_title_style":"","ocean_post_title_background_color":"","ocean_post_title_background":0,"ocean_post_title_bg_image_position":"","ocean_post_title_bg_image_attachment":"","ocean_post_title_bg_image_repeat":"","ocean_post_title_bg_image_size":"","ocean_post_title_height":0,"ocean_post_title_bg_overlay":0.5,"ocean_post_title_bg_overlay_color":"","ocean_disable_breadcrumbs":"default","ocean_breadcrumbs_color":"","ocean_breadcrumbs_separator_color":"","ocean_breadcrumbs_links_color":"","ocean_breadcrumbs_links_hover_color":"","ocean_display_footer_widgets":"off","ocean_display_footer_bottom":"off","ocean_custom_footer_template":"","footnotes":""},"class_list":["post-31","page","type-page","status-publish","hentry","entry"],"_links":{"self":[{"href":"https:\/\/soma.srv.br\/index.php\/wp-json\/wp\/v2\/pages\/31"}],"collection":[{"href":"https:\/\/soma.srv.br\/index.php\/wp-json\/wp\/v2\/pages"}],"about":[{"href":"https:\/\/soma.srv.br\/index.php\/wp-json\/wp\/v2\/types\/page"}],"author":[{"embeddable":true,"href":"https:\/\/soma.srv.br\/index.php\/wp-json\/wp\/v2\/users\/1"}],"replies":[{"embeddable":true,"href":"https:\/\/soma.srv.br\/index.php\/wp-json\/wp\/v2\/comments?post=31"}],"version-history":[{"count":10,"href":"https:\/\/soma.srv.br\/index.php\/wp-json\/wp\/v2\/pages\/31\/revisions"}],"predecessor-version":[{"id":256,"href":"https:\/\/soma.srv.br\/index.php\/wp-json\/wp\/v2\/pages\/31\/revisions\/256"}],"wp:attachment":[{"href":"https:\/\/soma.srv.br\/index.php\/wp-json\/wp\/v2\/media?parent=31"}],"curies":[{"name":"wp","href":"https:\/\/api.w.org\/{rel}","templated":true}]}}