{"id":200,"date":"2024-07-25T16:25:20","date_gmt":"2024-07-25T19:25:20","guid":{"rendered":"https:\/\/soma.srv.br\/?page_id=200"},"modified":"2025-07-18T19:00:49","modified_gmt":"2025-07-18T22:00:49","slug":"apoio-ao-investimento-social","status":"publish","type":"page","link":"https:\/\/soma.srv.br\/index.php\/apoio-ao-investimento-social\/","title":{"rendered":"APOIO AO INVESTIMENTO SOCIAL"},"content":{"rendered":"\t\t<div data-elementor-type=\"wp-page\" data-elementor-id=\"200\" class=\"elementor elementor-200\">\n\t\t\t\t<div class=\"elementor-element elementor-element-9574dcd e-flex e-con-boxed e-con e-parent\" data-id=\"9574dcd\" data-element_type=\"container\" data-e-type=\"container\">\n\t\t\t\t\t<div class=\"e-con-inner\">\n\t\t\t\t<div class=\"elementor-element elementor-element-3edff00 elementor-widget elementor-widget-spacer\" data-id=\"3edff00\" data-element_type=\"widget\" data-e-type=\"widget\" data-widget_type=\"spacer.default\">\n\t\t\t\t<div class=\"elementor-widget-container\">\n\t\t\t\t\t\t\t<div class=\"elementor-spacer\">\n\t\t\t<div class=\"elementor-spacer-inner\"><\/div>\n\t\t<\/div>\n\t\t\t\t\t\t<\/div>\n\t\t\t\t<\/div>\n\t\t\t\t<div class=\"elementor-element elementor-element-9dcf6c6 elementor-widget elementor-widget-heading\" data-id=\"9dcf6c6\" data-element_type=\"widget\" data-e-type=\"widget\" data-widget_type=\"heading.default\">\n\t\t\t\t<div class=\"elementor-widget-container\">\n\t\t\t\t\t<h2 class=\"elementor-heading-title elementor-size-default\">Apoio ao Investimento Social\n<\/h2>\t\t\t\t<\/div>\n\t\t\t\t<\/div>\n\t\t<div class=\"elementor-element elementor-element-dce874f e-con-full e-flex e-con e-child\" data-id=\"dce874f\" data-element_type=\"container\" data-e-type=\"container\">\n\t\t\t\t<div class=\"elementor-element elementor-element-cbc4571 elementor-widget elementor-widget-text-editor\" data-id=\"cbc4571\" data-element_type=\"widget\" data-e-type=\"widget\" data-widget_type=\"text-editor.default\">\n\t\t\t\t<div class=\"elementor-widget-container\">\n\t\t\t\t\t\t\t\t\t<p>A SOMA SOLUTIONS apoia a cria\u00e7\u00e3o e estrutura\u00e7\u00e3o de funda\u00e7\u00f5es, institutos empresariais, pol\u00edticas de investimento social e fundos patrimoniais, possibilitamos a frui\u00e7\u00e3o de benef\u00edcios fiscais e assessoramos investidores em todo o processo de sele\u00e7\u00e3o de organiza\u00e7\u00f5es e neg\u00f3cios de impacto social a serem apoiados.<\/p><p>Estrutura\u00e7\u00e3o e Cria\u00e7\u00e3o de Funda\u00e7\u00f5es e Institutos Empresariais<\/p><p>A SOMA SOLUTIONS compreende necessidades sociais apresentadas por empresas que objetivam criar ou reestruturar seu bra\u00e7o socioambiental e assessoramos na constitui\u00e7\u00e3o de organiza\u00e7\u00f5es sem fins lucrativos de cunho empresarial (associa\u00e7\u00f5es ou funda\u00e7\u00f5es), promovendo an\u00e1lise de viabilidade, planejamento e modelagem jur\u00eddica, estrutura\u00e7\u00e3o societ\u00e1ria e de governan\u00e7a, elabora\u00e7\u00e3o de estatutos, atas e contratos sociais, al\u00e9m do apoio no registro das pessoas jur\u00eddicas nos \u00f3rg\u00e3os competentes.<\/p><p>Planejamento do Investimento Social<\/p><p>A SOMA SOLUTIONS apoia os investidores sociais no planejamento e direcionamento das pol\u00edticas e iniciativas de investimento, criando o processo de sele\u00e7\u00e3o das organiza\u00e7\u00f5es benefici\u00e1rias e avaliando a conformidade jur\u00eddica dos candidatos, definindo a periodicidade do investimento, procedimentos para desembolso dos recursos, formas de presta\u00e7\u00e3o de contas, al\u00e9m de elaborarmos editais e toda a documenta\u00e7\u00e3o jur\u00eddica necess\u00e1rios \u00e0 regularidade e transpar\u00eancia dos programas de investimento social.<\/p><p>Assessoria para Implementa\u00e7\u00e3o do Investimento Social<\/p><p>A SOMA SOLUTIONS assessora os investidores sociais em todo o processo de implementa\u00e7\u00e3o dos programas de investimento social, promovendo a sele\u00e7\u00e3o de organiza\u00e7\u00f5es e iniciativas a serem beneficiadas, realizando as provid\u00eancias necess\u00e1rias para a regularidade jur\u00eddica e contratual do investimento, acompanhando e monitorando a aplica\u00e7\u00e3o dos recursos, al\u00e9m de avaliarmos a presta\u00e7\u00e3o de contas apresentadas, tanto no \u00e2mbito financeiro, quanto das atividades propostas e realizadas pelos empreendedores sociais.<\/p><p>Planejamento e Cria\u00e7\u00e3o de Fundo Patrimonial<\/p><p>A SOMA SOLUTIONS assessora investidores sociais no planejamento e institui\u00e7\u00e3o de Fundo Patrimonial ou de reserva, com vistas a gerar receitas para garantir a consecu\u00e7\u00e3o de suas finalidades e objetivos sociais, promover sua sustentabilidade econ\u00f4mica, al\u00e9m de financiar os programas de investimento social. O Fundo Patrimonial ou de reserva poder\u00e1 ser formado por dota\u00e7\u00f5es pr\u00f3prias, bem como por doa\u00e7\u00f5es de pessoas f\u00edsicas ou jur\u00eddicas e para maior clareza na utiliza\u00e7\u00e3o dos recursos desenvolvemos regimentos e regulamentos pr\u00f3prios, de acordo com as singularidades de cada organiza\u00e7\u00e3o assessorada.<\/p>\t\t\t\t\t\t\t\t<\/div>\n\t\t\t\t<\/div>\n\t\t\t\t<\/div>\n\t\t<div class=\"elementor-element elementor-element-930ae70 e-con-full e-flex e-con e-child\" data-id=\"930ae70\" data-element_type=\"container\" data-e-type=\"container\">\n\t\t\t\t<div class=\"elementor-element elementor-element-f5d0375 elementor-widget elementor-widget-spacer\" data-id=\"f5d0375\" data-element_type=\"widget\" data-e-type=\"widget\" data-widget_type=\"spacer.default\">\n\t\t\t\t<div class=\"elementor-widget-container\">\n\t\t\t\t\t\t\t<div class=\"elementor-spacer\">\n\t\t\t<div class=\"elementor-spacer-inner\"><\/div>\n\t\t<\/div>\n\t\t\t\t\t\t<\/div>\n\t\t\t\t<\/div>\n\t\t\t\t<\/div>\n\t\t\t\t\t<\/div>\n\t\t\t\t<\/div>\n\t\t\t\t<\/div>\n\t\t","protected":false},"excerpt":{"rendered":"<p>Apoio ao Investimento Social A SOMA SOLUTIONS apoia a cria\u00e7\u00e3o e estrutura\u00e7\u00e3o de funda\u00e7\u00f5es, institutos empresariais, pol\u00edticas de investimento social e fundos patrimoniais, possibilitamos a frui\u00e7\u00e3o de benef\u00edcios fiscais e assessoramos investidores em todo o processo de sele\u00e7\u00e3o de organiza\u00e7\u00f5es e neg\u00f3cios de impacto social a serem apoiados. Estrutura\u00e7\u00e3o e Cria\u00e7\u00e3o de Funda\u00e7\u00f5es e Institutos [&hellip;]<\/p>\n","protected":false},"author":1,"featured_media":0,"parent":0,"menu_order":0,"comment_status":"closed","ping_status":"closed","template":"elementor_header_footer","meta":{"ocean_post_layout":"","ocean_both_sidebars_style":"","ocean_both_sidebars_content_width":0,"ocean_both_sidebars_sidebars_width":0,"ocean_sidebar":"","ocean_second_sidebar":"","ocean_disable_margins":"enable","ocean_add_body_class":"","ocean_shortcode_before_top_bar":"","ocean_shortcode_after_top_bar":"","ocean_shortcode_before_header":"","ocean_shortcode_after_header":"","ocean_has_shortcode":"","ocean_shortcode_after_title":"","ocean_shortcode_before_footer_widgets":"","ocean_shortcode_after_footer_widgets":"","ocean_shortcode_before_footer_bottom":"","ocean_shortcode_after_footer_bottom":"","ocean_display_top_bar":"default","ocean_display_header":"default","ocean_header_style":"","ocean_center_header_left_menu":"","ocean_custom_header_template":"","ocean_custom_logo":0,"ocean_custom_retina_logo":0,"ocean_custom_logo_max_width":0,"ocean_custom_logo_tablet_max_width":0,"ocean_custom_logo_mobile_max_width":0,"ocean_custom_logo_max_height":0,"ocean_custom_logo_tablet_max_height":0,"ocean_custom_logo_mobile_max_height":0,"ocean_header_custom_menu":"","ocean_menu_typo_font_family":"","ocean_menu_typo_font_subset":"","ocean_menu_typo_font_size":0,"ocean_menu_typo_font_size_tablet":0,"ocean_menu_typo_font_size_mobile":0,"ocean_menu_typo_font_size_unit":"px","ocean_menu_typo_font_weight":"","ocean_menu_typo_font_weight_tablet":"","ocean_menu_typo_font_weight_mobile":"","ocean_menu_typo_transform":"","ocean_menu_typo_transform_tablet":"","ocean_menu_typo_transform_mobile":"","ocean_menu_typo_line_height":0,"ocean_menu_typo_line_height_tablet":0,"ocean_menu_typo_line_height_mobile":0,"ocean_menu_typo_line_height_unit":"","ocean_menu_typo_spacing":0,"ocean_menu_typo_spacing_tablet":0,"ocean_menu_typo_spacing_mobile":0,"ocean_menu_typo_spacing_unit":"","ocean_menu_link_color":"","ocean_menu_link_color_hover":"","ocean_menu_link_color_active":"","ocean_menu_link_background":"","ocean_menu_link_hover_background":"","ocean_menu_link_active_background":"","ocean_menu_social_links_bg":"","ocean_menu_social_hover_links_bg":"","ocean_menu_social_links_color":"","ocean_menu_social_hover_links_color":"","ocean_disable_title":"on","ocean_disable_heading":"default","ocean_post_title":"","ocean_post_subheading":"","ocean_post_title_style":"","ocean_post_title_background_color":"","ocean_post_title_background":0,"ocean_post_title_bg_image_position":"","ocean_post_title_bg_image_attachment":"","ocean_post_title_bg_image_repeat":"","ocean_post_title_bg_image_size":"","ocean_post_title_height":0,"ocean_post_title_bg_overlay":0.5,"ocean_post_title_bg_overlay_color":"","ocean_disable_breadcrumbs":"default","ocean_breadcrumbs_color":"","ocean_breadcrumbs_separator_color":"","ocean_breadcrumbs_links_color":"","ocean_breadcrumbs_links_hover_color":"","ocean_display_footer_widgets":"off","ocean_display_footer_bottom":"off","ocean_custom_footer_template":"","footnotes":""},"class_list":["post-200","page","type-page","status-publish","hentry","entry"],"_links":{"self":[{"href":"https:\/\/soma.srv.br\/index.php\/wp-json\/wp\/v2\/pages\/200"}],"collection":[{"href":"https:\/\/soma.srv.br\/index.php\/wp-json\/wp\/v2\/pages"}],"about":[{"href":"https:\/\/soma.srv.br\/index.php\/wp-json\/wp\/v2\/types\/page"}],"author":[{"embeddable":true,"href":"https:\/\/soma.srv.br\/index.php\/wp-json\/wp\/v2\/users\/1"}],"replies":[{"embeddable":true,"href":"https:\/\/soma.srv.br\/index.php\/wp-json\/wp\/v2\/comments?post=200"}],"version-history":[{"count":7,"href":"https:\/\/soma.srv.br\/index.php\/wp-json\/wp\/v2\/pages\/200\/revisions"}],"predecessor-version":[{"id":306,"href":"https:\/\/soma.srv.br\/index.php\/wp-json\/wp\/v2\/pages\/200\/revisions\/306"}],"wp:attachment":[{"href":"https:\/\/soma.srv.br\/index.php\/wp-json\/wp\/v2\/media?parent=200"}],"curies":[{"name":"wp","href":"https:\/\/api.w.org\/{rel}","templated":true}]}}