{"id":190,"date":"2024-07-25T16:12:17","date_gmt":"2024-07-25T19:12:17","guid":{"rendered":"https:\/\/soma.srv.br\/?page_id=190"},"modified":"2025-07-18T18:59:42","modified_gmt":"2025-07-18T21:59:42","slug":"planejamento-e-governanca","status":"publish","type":"page","link":"https:\/\/soma.srv.br\/index.php\/planejamento-e-governanca\/","title":{"rendered":"PLANEJAMENTO E GOVERNAN\u00c7A"},"content":{"rendered":"\t\t<div data-elementor-type=\"wp-page\" data-elementor-id=\"190\" class=\"elementor elementor-190\">\n\t\t\t\t<div class=\"elementor-element elementor-element-74b6571 e-flex e-con-boxed e-con e-parent\" data-id=\"74b6571\" data-element_type=\"container\" data-e-type=\"container\">\n\t\t\t\t\t<div class=\"e-con-inner\">\n\t\t\t\t<div class=\"elementor-element elementor-element-12e5568 elementor-widget elementor-widget-spacer\" data-id=\"12e5568\" data-element_type=\"widget\" data-e-type=\"widget\" data-widget_type=\"spacer.default\">\n\t\t\t\t<div class=\"elementor-widget-container\">\n\t\t\t\t\t\t\t<div class=\"elementor-spacer\">\n\t\t\t<div class=\"elementor-spacer-inner\"><\/div>\n\t\t<\/div>\n\t\t\t\t\t\t<\/div>\n\t\t\t\t<\/div>\n\t\t\t\t<div class=\"elementor-element elementor-element-e7b95f0 elementor-widget elementor-widget-heading\" data-id=\"e7b95f0\" data-element_type=\"widget\" data-e-type=\"widget\" data-widget_type=\"heading.default\">\n\t\t\t\t<div class=\"elementor-widget-container\">\n\t\t\t\t\t<h2 class=\"elementor-heading-title elementor-size-default\">Planejamento e Governan\u00e7a\n<\/h2>\t\t\t\t<\/div>\n\t\t\t\t<\/div>\n\t\t<div class=\"elementor-element elementor-element-d344964 e-con-full e-flex e-con e-child\" data-id=\"d344964\" data-element_type=\"container\" data-e-type=\"container\">\n\t\t\t\t<div class=\"elementor-element elementor-element-1e88885 elementor-widget elementor-widget-text-editor\" data-id=\"1e88885\" data-element_type=\"widget\" data-e-type=\"widget\" data-widget_type=\"text-editor.default\">\n\t\t\t\t<div class=\"elementor-widget-container\">\n\t\t\t\t\t\t\t\t\t<p>A SOMA SOLUTIONS facilita a realiza\u00e7\u00e3o do planejamento estrat\u00e9gico e modelagem organizacional de entidades do terceiro setor e neg\u00f3cios de impacto social, aperfei\u00e7oando pol\u00edticas e pr\u00e1ticas de governan\u00e7a institucional que tornam a tomada de decis\u00e3o mais assertiva, transparente e leg\u00edtima.\u00a0<\/p><p><strong>Facilita\u00e7\u00e3o de Planejamento Estrat\u00e9gico<\/strong><\/p><p>A SOMA SOLUTIONS facilita a realiza\u00e7\u00e3o do planejamento estrat\u00e9gico de organiza\u00e7\u00f5es que est\u00e3o em fase inicial ou daquelas que j\u00e1 est\u00e3o em pleno funcionamento e precisam rever e consolidar seu direcionamento, servi\u00e7os, vis\u00e3o de mundo, estrutura organizacional e mecanismos de tomada de decis\u00e3o. Apoiamos desde a cria\u00e7\u00e3o do grupo de planejamento, a prepara\u00e7\u00e3o e a realiza\u00e7\u00e3o das reuni\u00f5es, at\u00e9 a cria\u00e7\u00e3o do plano de a\u00e7\u00e3o para a implementa\u00e7\u00e3o das decis\u00f5es.<\/p><p><strong>Modelagem Organizacional<\/strong><\/p><p>A SOMA SOLUTIONS assessora as organiza\u00e7\u00f5es sem fins lucrativos e neg\u00f3cios de impacto social na modelagem estrat\u00e9gica e jur\u00eddica mais adequada para a conquista de impacto social positivo e sustentabilidade econ\u00f4mica, de acordo com suas singularidades. Desde a defini\u00e7\u00e3o da natureza jur\u00eddica, seja sem fins econ\u00f4micos ou no formato de empresa, at\u00e9 o desenho da estrutura de gest\u00e3o, \u00e1reas de atua\u00e7\u00e3o e servi\u00e7os, nos envolvemos na cria\u00e7\u00e3o e revis\u00e3o da estrutura organizacional necess\u00e1ria \u00e0 conquista de resultados.<\/p><p><strong>Aperfei\u00e7oamento da Governan\u00e7a Institucional<\/strong><\/p><p>Desde a defini\u00e7\u00e3o da natureza\u00a0 jur\u00eddica, seja sem fins econ\u00f4micos ou no formato de empresa, a SOMA SOLUTIONS apoia as iniciativas sociais no desenho dos \u00f3rg\u00e3os institucionais de gest\u00e3o, conselhos consultivos, comit\u00eas e comiss\u00f5es, grupos de trabalho espec\u00edfico, procedimento de tomada de decis\u00e3o e implementa\u00e7\u00e3o das decis\u00f5es tomadas. A Social Profit considera a boa governan\u00e7a elemento indispens\u00e1vel para a gest\u00e3o transparente e leg\u00edtima de organiza\u00e7\u00f5es sem fins lucrativos ou econ\u00f4micos ou neg\u00f3cios de impacto social, pois proporciona uma rela\u00e7\u00e3o participativa e articulada entre os \u00f3rg\u00e3os e colaboradores institucionais.<\/p>\t\t\t\t\t\t\t\t<\/div>\n\t\t\t\t<\/div>\n\t\t\t\t<\/div>\n\t\t<div class=\"elementor-element elementor-element-1c7369a e-con-full e-flex e-con e-child\" data-id=\"1c7369a\" data-element_type=\"container\" data-e-type=\"container\">\n\t\t\t\t<div class=\"elementor-element elementor-element-74f724e elementor-widget elementor-widget-spacer\" data-id=\"74f724e\" data-element_type=\"widget\" data-e-type=\"widget\" data-widget_type=\"spacer.default\">\n\t\t\t\t<div class=\"elementor-widget-container\">\n\t\t\t\t\t\t\t<div class=\"elementor-spacer\">\n\t\t\t<div class=\"elementor-spacer-inner\"><\/div>\n\t\t<\/div>\n\t\t\t\t\t\t<\/div>\n\t\t\t\t<\/div>\n\t\t\t\t<\/div>\n\t\t\t\t\t<\/div>\n\t\t\t\t<\/div>\n\t\t\t\t<\/div>\n\t\t","protected":false},"excerpt":{"rendered":"<p>Planejamento e Governan\u00e7a A SOMA SOLUTIONS facilita a realiza\u00e7\u00e3o do planejamento estrat\u00e9gico e modelagem organizacional de entidades do terceiro setor e neg\u00f3cios de impacto social, aperfei\u00e7oando pol\u00edticas e pr\u00e1ticas de governan\u00e7a institucional que tornam a tomada de decis\u00e3o mais assertiva, transparente e leg\u00edtima.\u00a0 Facilita\u00e7\u00e3o de Planejamento Estrat\u00e9gico A SOMA SOLUTIONS facilita a realiza\u00e7\u00e3o do planejamento [&hellip;]<\/p>\n","protected":false},"author":1,"featured_media":0,"parent":0,"menu_order":0,"comment_status":"closed","ping_status":"closed","template":"elementor_header_footer","meta":{"ocean_post_layout":"","ocean_both_sidebars_style":"","ocean_both_sidebars_content_width":0,"ocean_both_sidebars_sidebars_width":0,"ocean_sidebar":"","ocean_second_sidebar":"","ocean_disable_margins":"enable","ocean_add_body_class":"","ocean_shortcode_before_top_bar":"","ocean_shortcode_after_top_bar":"","ocean_shortcode_before_header":"","ocean_shortcode_after_header":"","ocean_has_shortcode":"","ocean_shortcode_after_title":"","ocean_shortcode_before_footer_widgets":"","ocean_shortcode_after_footer_widgets":"","ocean_shortcode_before_footer_bottom":"","ocean_shortcode_after_footer_bottom":"","ocean_display_top_bar":"default","ocean_display_header":"default","ocean_header_style":"","ocean_center_header_left_menu":"","ocean_custom_header_template":"","ocean_custom_logo":0,"ocean_custom_retina_logo":0,"ocean_custom_logo_max_width":0,"ocean_custom_logo_tablet_max_width":0,"ocean_custom_logo_mobile_max_width":0,"ocean_custom_logo_max_height":0,"ocean_custom_logo_tablet_max_height":0,"ocean_custom_logo_mobile_max_height":0,"ocean_header_custom_menu":"","ocean_menu_typo_font_family":"","ocean_menu_typo_font_subset":"","ocean_menu_typo_font_size":0,"ocean_menu_typo_font_size_tablet":0,"ocean_menu_typo_font_size_mobile":0,"ocean_menu_typo_font_size_unit":"px","ocean_menu_typo_font_weight":"","ocean_menu_typo_font_weight_tablet":"","ocean_menu_typo_font_weight_mobile":"","ocean_menu_typo_transform":"","ocean_menu_typo_transform_tablet":"","ocean_menu_typo_transform_mobile":"","ocean_menu_typo_line_height":0,"ocean_menu_typo_line_height_tablet":0,"ocean_menu_typo_line_height_mobile":0,"ocean_menu_typo_line_height_unit":"","ocean_menu_typo_spacing":0,"ocean_menu_typo_spacing_tablet":0,"ocean_menu_typo_spacing_mobile":0,"ocean_menu_typo_spacing_unit":"","ocean_menu_link_color":"","ocean_menu_link_color_hover":"","ocean_menu_link_color_active":"","ocean_menu_link_background":"","ocean_menu_link_hover_background":"","ocean_menu_link_active_background":"","ocean_menu_social_links_bg":"","ocean_menu_social_hover_links_bg":"","ocean_menu_social_links_color":"","ocean_menu_social_hover_links_color":"","ocean_disable_title":"on","ocean_disable_heading":"default","ocean_post_title":"","ocean_post_subheading":"","ocean_post_title_style":"","ocean_post_title_background_color":"","ocean_post_title_background":0,"ocean_post_title_bg_image_position":"","ocean_post_title_bg_image_attachment":"","ocean_post_title_bg_image_repeat":"","ocean_post_title_bg_image_size":"","ocean_post_title_height":0,"ocean_post_title_bg_overlay":0.5,"ocean_post_title_bg_overlay_color":"","ocean_disable_breadcrumbs":"default","ocean_breadcrumbs_color":"","ocean_breadcrumbs_separator_color":"","ocean_breadcrumbs_links_color":"","ocean_breadcrumbs_links_hover_color":"","ocean_display_footer_widgets":"off","ocean_display_footer_bottom":"off","ocean_custom_footer_template":"","footnotes":""},"class_list":["post-190","page","type-page","status-publish","hentry","entry"],"_links":{"self":[{"href":"https:\/\/soma.srv.br\/index.php\/wp-json\/wp\/v2\/pages\/190"}],"collection":[{"href":"https:\/\/soma.srv.br\/index.php\/wp-json\/wp\/v2\/pages"}],"about":[{"href":"https:\/\/soma.srv.br\/index.php\/wp-json\/wp\/v2\/types\/page"}],"author":[{"embeddable":true,"href":"https:\/\/soma.srv.br\/index.php\/wp-json\/wp\/v2\/users\/1"}],"replies":[{"embeddable":true,"href":"https:\/\/soma.srv.br\/index.php\/wp-json\/wp\/v2\/comments?post=190"}],"version-history":[{"count":7,"href":"https:\/\/soma.srv.br\/index.php\/wp-json\/wp\/v2\/pages\/190\/revisions"}],"predecessor-version":[{"id":303,"href":"https:\/\/soma.srv.br\/index.php\/wp-json\/wp\/v2\/pages\/190\/revisions\/303"}],"wp:attachment":[{"href":"https:\/\/soma.srv.br\/index.php\/wp-json\/wp\/v2\/media?parent=190"}],"curies":[{"name":"wp","href":"https:\/\/api.w.org\/{rel}","templated":true}]}}