{"id":185,"date":"2024-07-25T15:55:19","date_gmt":"2024-07-25T18:55:19","guid":{"rendered":"https:\/\/soma.srv.br\/?page_id=185"},"modified":"2025-07-18T18:57:59","modified_gmt":"2025-07-18T21:57:59","slug":"suporte-a-captacao-de-recursos","status":"publish","type":"page","link":"https:\/\/soma.srv.br\/index.php\/suporte-a-captacao-de-recursos\/","title":{"rendered":"SUPORTE \u00c0 CAPTA\u00c7\u00c3O DE RECURSOS"},"content":{"rendered":"\t\t<div data-elementor-type=\"wp-page\" data-elementor-id=\"185\" class=\"elementor elementor-185\">\n\t\t\t\t<div class=\"elementor-element elementor-element-f49d8c9 e-flex e-con-boxed e-con e-parent\" data-id=\"f49d8c9\" data-element_type=\"container\" data-e-type=\"container\">\n\t\t\t\t\t<div class=\"e-con-inner\">\n\t\t\t\t<div class=\"elementor-element elementor-element-1f4530f elementor-widget elementor-widget-spacer\" data-id=\"1f4530f\" data-element_type=\"widget\" data-e-type=\"widget\" data-widget_type=\"spacer.default\">\n\t\t\t\t<div class=\"elementor-widget-container\">\n\t\t\t\t\t\t\t<div class=\"elementor-spacer\">\n\t\t\t<div class=\"elementor-spacer-inner\"><\/div>\n\t\t<\/div>\n\t\t\t\t\t\t<\/div>\n\t\t\t\t<\/div>\n\t\t\t\t<div class=\"elementor-element elementor-element-8335a2d elementor-widget elementor-widget-heading\" data-id=\"8335a2d\" data-element_type=\"widget\" data-e-type=\"widget\" data-widget_type=\"heading.default\">\n\t\t\t\t<div class=\"elementor-widget-container\">\n\t\t\t\t\t<h2 class=\"elementor-heading-title elementor-size-default\">Suporte \u00e0 Capta\u00e7\u00e3o de Recursos\n<\/h2>\t\t\t\t<\/div>\n\t\t\t\t<\/div>\n\t\t<div class=\"elementor-element elementor-element-0b9d332 e-con-full e-flex e-con e-child\" data-id=\"0b9d332\" data-element_type=\"container\" data-e-type=\"container\">\n\t\t\t\t<div class=\"elementor-element elementor-element-5b969da elementor-widget elementor-widget-text-editor\" data-id=\"5b969da\" data-element_type=\"widget\" data-e-type=\"widget\" data-widget_type=\"text-editor.default\">\n\t\t\t\t<div class=\"elementor-widget-container\">\n\t\t\t\t\t\t\t\t\t<p>A SOMA SOLUTIONS analisa as caracter\u00edsticas de cada organiza\u00e7\u00e3o e desenvolvemos seu plano de capta\u00e7\u00e3o de recursos na medida exata das necessidades institucionais, sempre com a garantia de conformidade jur\u00eddica, levando em conta a possibilidade de incentivos fiscais na rela\u00e7\u00e3o com as fontes de recursos.<\/p><p><strong>Desenvolvimento do Plano de Capta\u00e7\u00e3o de Recursos<\/strong><\/p><p>A SOMA SOLUTIONS apoia organiza\u00e7\u00f5es sem fins lucrativos na consolida\u00e7\u00e3o de seu direcionamento e detalhamento das atividades a serem realizadas em curto, m\u00e9dio e longo prazo; a partir dessa constru\u00e7\u00e3o, assessoramos os empreendimentos sociais na defini\u00e7\u00e3o dos valores a serem captados para a realiza\u00e7\u00e3o dessas atividades, criando estrat\u00e9gias de capta\u00e7\u00e3o de recursos especiais para cada organiza\u00e7\u00e3o e definindo as fontes de recursos mais adequadas, dando forma a um plano de capta\u00e7\u00e3o de recursos, com plano de implementa\u00e7\u00e3o detalhado passo a passo.<\/p><p>Cria\u00e7\u00e3o do Departamento de Capta\u00e7\u00e3o de Recursos<\/p><p>A SOMA SOLUTIONS apoia as organiza\u00e7\u00f5es sem fins lucrativos ou econ\u00f4micos, sejam elas de pequeno, m\u00e9dio ou grande porte, no planejamento e implementa\u00e7\u00e3o de seu departamento de capta\u00e7\u00e3o de recursos e desenvolvimento institucional, levando em conta os recursos dispon\u00edveis para manuten\u00e7\u00e3o do departamento, participando da sele\u00e7\u00e3o e treinamento dos profissionais e volunt\u00e1rios envolvidos na implementa\u00e7\u00e3o das estrat\u00e9gias de mobiliza\u00e7\u00e3o de recursos.<\/p><p>Assessoria para Capta\u00e7\u00e3o de Recursos<\/p><p>Definidas as estrat\u00e9gias de capta\u00e7\u00e3o de recursos, a SOMA SOLUTIONS assessora as organiza\u00e7\u00f5es sem fins lucrativos ou econ\u00f4micos e neg\u00f3cios de impacto social na implementa\u00e7\u00e3o dessas estrat\u00e9gias, orientando a equipe interna para a atua\u00e7\u00e3o com maior efici\u00eancia na conquista dos resultados financeiros, materiais e humanos. Seja por meio de doa\u00e7\u00f5es, patroc\u00ednios, editais, coopera\u00e7\u00f5es, mantenedores, venda de produtos e servi\u00e7os, marketing relacionado \u00e0 causa, acesso a fundos de investimentos sociais, incubadoras, aceleradoras, entre diversas outras op\u00e7\u00f5es, nossa assessoria para capta\u00e7\u00e3o de recursos est\u00e1 sempre ao lado de iniciativas sociais na conquista da sustentabilidade econ\u00f4mica necess\u00e1ria ao impacto social positivo.<\/p><p>Utiliza\u00e7\u00e3o de Incentivos Fiscais<\/p><p>A SOMA SOLUTIONS apoia empreendimento sociais na pesquisa e obten\u00e7\u00e3o de incentivos fiscais federais, estaduais e municipais, que facilitam a capta\u00e7\u00e3o de recursos por meio de doa\u00e7\u00f5es e patroc\u00ednios para iniciativas nas \u00e1reas de sa\u00fade, assist\u00eancia social, cultura, esporte, ensino e pesquisa, direitos humanos, inf\u00e2ncia, juventude e terceira idade, inclusive coordenando todo o procedimento desde a elabora\u00e7\u00e3o do projeto, or\u00e7amento, preenchimento de formul\u00e1rios, entrada nos \u00f3rg\u00e3os pertinentes at\u00e9 a presta\u00e7\u00e3o de contas.<\/p>\t\t\t\t\t\t\t\t<\/div>\n\t\t\t\t<\/div>\n\t\t\t\t<\/div>\n\t\t<div class=\"elementor-element elementor-element-184e949 e-con-full e-flex e-con e-child\" data-id=\"184e949\" data-element_type=\"container\" data-e-type=\"container\">\n\t\t\t\t<div class=\"elementor-element elementor-element-f8fa177 elementor-widget elementor-widget-spacer\" data-id=\"f8fa177\" data-element_type=\"widget\" data-e-type=\"widget\" data-widget_type=\"spacer.default\">\n\t\t\t\t<div class=\"elementor-widget-container\">\n\t\t\t\t\t\t\t<div class=\"elementor-spacer\">\n\t\t\t<div class=\"elementor-spacer-inner\"><\/div>\n\t\t<\/div>\n\t\t\t\t\t\t<\/div>\n\t\t\t\t<\/div>\n\t\t\t\t<\/div>\n\t\t\t\t\t<\/div>\n\t\t\t\t<\/div>\n\t\t\t\t<\/div>\n\t\t","protected":false},"excerpt":{"rendered":"<p>Suporte \u00e0 Capta\u00e7\u00e3o de Recursos A SOMA SOLUTIONS analisa as caracter\u00edsticas de cada organiza\u00e7\u00e3o e desenvolvemos seu plano de capta\u00e7\u00e3o de recursos na medida exata das necessidades institucionais, sempre com a garantia de conformidade jur\u00eddica, levando em conta a possibilidade de incentivos fiscais na rela\u00e7\u00e3o com as fontes de recursos. Desenvolvimento do Plano de Capta\u00e7\u00e3o [&hellip;]<\/p>\n","protected":false},"author":1,"featured_media":0,"parent":0,"menu_order":0,"comment_status":"closed","ping_status":"closed","template":"elementor_header_footer","meta":{"ocean_post_layout":"","ocean_both_sidebars_style":"","ocean_both_sidebars_content_width":0,"ocean_both_sidebars_sidebars_width":0,"ocean_sidebar":"","ocean_second_sidebar":"","ocean_disable_margins":"enable","ocean_add_body_class":"","ocean_shortcode_before_top_bar":"","ocean_shortcode_after_top_bar":"","ocean_shortcode_before_header":"","ocean_shortcode_after_header":"","ocean_has_shortcode":"","ocean_shortcode_after_title":"","ocean_shortcode_before_footer_widgets":"","ocean_shortcode_after_footer_widgets":"","ocean_shortcode_before_footer_bottom":"","ocean_shortcode_after_footer_bottom":"","ocean_display_top_bar":"default","ocean_display_header":"default","ocean_header_style":"","ocean_center_header_left_menu":"","ocean_custom_header_template":"","ocean_custom_logo":0,"ocean_custom_retina_logo":0,"ocean_custom_logo_max_width":0,"ocean_custom_logo_tablet_max_width":0,"ocean_custom_logo_mobile_max_width":0,"ocean_custom_logo_max_height":0,"ocean_custom_logo_tablet_max_height":0,"ocean_custom_logo_mobile_max_height":0,"ocean_header_custom_menu":"","ocean_menu_typo_font_family":"","ocean_menu_typo_font_subset":"","ocean_menu_typo_font_size":0,"ocean_menu_typo_font_size_tablet":0,"ocean_menu_typo_font_size_mobile":0,"ocean_menu_typo_font_size_unit":"px","ocean_menu_typo_font_weight":"","ocean_menu_typo_font_weight_tablet":"","ocean_menu_typo_font_weight_mobile":"","ocean_menu_typo_transform":"","ocean_menu_typo_transform_tablet":"","ocean_menu_typo_transform_mobile":"","ocean_menu_typo_line_height":0,"ocean_menu_typo_line_height_tablet":0,"ocean_menu_typo_line_height_mobile":0,"ocean_menu_typo_line_height_unit":"","ocean_menu_typo_spacing":0,"ocean_menu_typo_spacing_tablet":0,"ocean_menu_typo_spacing_mobile":0,"ocean_menu_typo_spacing_unit":"","ocean_menu_link_color":"","ocean_menu_link_color_hover":"","ocean_menu_link_color_active":"","ocean_menu_link_background":"","ocean_menu_link_hover_background":"","ocean_menu_link_active_background":"","ocean_menu_social_links_bg":"","ocean_menu_social_hover_links_bg":"","ocean_menu_social_links_color":"","ocean_menu_social_hover_links_color":"","ocean_disable_title":"on","ocean_disable_heading":"default","ocean_post_title":"","ocean_post_subheading":"","ocean_post_title_style":"","ocean_post_title_background_color":"","ocean_post_title_background":0,"ocean_post_title_bg_image_position":"","ocean_post_title_bg_image_attachment":"","ocean_post_title_bg_image_repeat":"","ocean_post_title_bg_image_size":"","ocean_post_title_height":0,"ocean_post_title_bg_overlay":0.5,"ocean_post_title_bg_overlay_color":"","ocean_disable_breadcrumbs":"default","ocean_breadcrumbs_color":"","ocean_breadcrumbs_separator_color":"","ocean_breadcrumbs_links_color":"","ocean_breadcrumbs_links_hover_color":"","ocean_display_footer_widgets":"off","ocean_display_footer_bottom":"off","ocean_custom_footer_template":"","footnotes":""},"class_list":["post-185","page","type-page","status-publish","hentry","entry"],"_links":{"self":[{"href":"https:\/\/soma.srv.br\/index.php\/wp-json\/wp\/v2\/pages\/185"}],"collection":[{"href":"https:\/\/soma.srv.br\/index.php\/wp-json\/wp\/v2\/pages"}],"about":[{"href":"https:\/\/soma.srv.br\/index.php\/wp-json\/wp\/v2\/types\/page"}],"author":[{"embeddable":true,"href":"https:\/\/soma.srv.br\/index.php\/wp-json\/wp\/v2\/users\/1"}],"replies":[{"embeddable":true,"href":"https:\/\/soma.srv.br\/index.php\/wp-json\/wp\/v2\/comments?post=185"}],"version-history":[{"count":10,"href":"https:\/\/soma.srv.br\/index.php\/wp-json\/wp\/v2\/pages\/185\/revisions"}],"predecessor-version":[{"id":300,"href":"https:\/\/soma.srv.br\/index.php\/wp-json\/wp\/v2\/pages\/185\/revisions\/300"}],"wp:attachment":[{"href":"https:\/\/soma.srv.br\/index.php\/wp-json\/wp\/v2\/media?parent=185"}],"curies":[{"name":"wp","href":"https:\/\/api.w.org\/{rel}","templated":true}]}}