{"id":178,"date":"2024-07-25T15:38:10","date_gmt":"2024-07-25T18:38:10","guid":{"rendered":"https:\/\/soma.srv.br\/?page_id=178"},"modified":"2025-07-18T18:56:25","modified_gmt":"2025-07-18T21:56:25","slug":"assessoria-tecnico-legal","status":"publish","type":"page","link":"https:\/\/soma.srv.br\/index.php\/assessoria-tecnico-legal\/","title":{"rendered":"ASSESSORIA T\u00c9CNICO-LEGAL"},"content":{"rendered":"\t\t<div data-elementor-type=\"wp-page\" data-elementor-id=\"178\" class=\"elementor elementor-178\">\n\t\t\t\t<div class=\"elementor-element elementor-element-21d7890 e-flex e-con-boxed e-con e-parent\" data-id=\"21d7890\" data-element_type=\"container\" data-e-type=\"container\">\n\t\t\t\t\t<div class=\"e-con-inner\">\n\t\t\t\t<div class=\"elementor-element elementor-element-fdda373 elementor-widget elementor-widget-spacer\" data-id=\"fdda373\" data-element_type=\"widget\" data-e-type=\"widget\" data-widget_type=\"spacer.default\">\n\t\t\t\t<div class=\"elementor-widget-container\">\n\t\t\t\t\t\t\t<div class=\"elementor-spacer\">\n\t\t\t<div class=\"elementor-spacer-inner\"><\/div>\n\t\t<\/div>\n\t\t\t\t\t\t<\/div>\n\t\t\t\t<\/div>\n\t\t\t\t<div class=\"elementor-element elementor-element-0e20f5a elementor-widget elementor-widget-heading\" data-id=\"0e20f5a\" data-element_type=\"widget\" data-e-type=\"widget\" data-widget_type=\"heading.default\">\n\t\t\t\t<div class=\"elementor-widget-container\">\n\t\t\t\t\t<h2 class=\"elementor-heading-title elementor-size-default\">Assessoria T\u00e9cnico-Legal<\/h2>\t\t\t\t<\/div>\n\t\t\t\t<\/div>\n\t\t<div class=\"elementor-element elementor-element-9a315ed e-con-full e-flex e-con e-child\" data-id=\"9a315ed\" data-element_type=\"container\" data-e-type=\"container\">\n\t\t\t\t<div class=\"elementor-element elementor-element-eff41cf elementor-widget elementor-widget-text-editor\" data-id=\"eff41cf\" data-element_type=\"widget\" data-e-type=\"widget\" data-widget_type=\"text-editor.default\">\n\t\t\t\t<div class=\"elementor-widget-container\">\n\t\t\t\t\t\t\t\t\t<p>A SOMA SOLUTIONS estuda a iniciativa social para entender seu formato jur\u00eddico mais adequado e apoiamos seu desenvolvimento levando em conta quest\u00f5es institucionais, estatut\u00e1rias, contratuais, trabalhistas e de governan\u00e7a; t\u00edtulos e certificados p\u00fablicos; imunidades, isen\u00e7\u00f5es e incentivos fiscais.<\/p><p><strong>Cria\u00e7\u00e3o de Organiza\u00e7\u00f5es<\/strong><\/p><p>A SOMA SOLUTIONS analisa as necessidades sociais apresentadas por nossos clientes e assessoramos na constitui\u00e7\u00e3o de organiza\u00e7\u00f5es sem fins lucrativos (associa\u00e7\u00f5es, funda\u00e7\u00f5es e organiza\u00e7\u00f5es religiosas) ou neg\u00f3cios de impacto social, promovendo an\u00e1lise de viabilidade, planejamento e modelagem jur\u00eddica, estrutura\u00e7\u00e3o societ\u00e1ria e de governan\u00e7a, elabora\u00e7\u00e3o de estatutos, atas e contratos sociais, al\u00e9m do apoio no registro das pessoas jur\u00eddicas nos \u00f3rg\u00e3os competentes.<\/p><p><strong>Manuten\u00e7\u00e3o da Regularidade Institucional<\/strong><\/p><p>A SOMA SOLUTIONS assessora as organiza\u00e7\u00f5es sem fins lucrativos e neg\u00f3cios de impacto social na manuten\u00e7\u00e3o da regularidade jur\u00eddica relacionada \u00e0 presta\u00e7\u00e3o de contas, rela\u00e7\u00e3o com empregados e volunt\u00e1rios, registros em conselhos e \u00f3rg\u00e3os p\u00fablicos, elabora\u00e7\u00e3o de atas de assembleias ordin\u00e1rias e extraordin\u00e1rias, relat\u00f3rios de atividades, planos de a\u00e7\u00e3o, fundos patrimoniais e de reserva, adequa\u00e7\u00e3o de organiza\u00e7\u00f5es da sociedade civil ao Novo Marco Regulat\u00f3rio do Terceiro Setor (Lei 13.019\/14), entre outras exig\u00eancias legais.<\/p><p><strong>Planejamento e Gest\u00e3o de Benef\u00edcios e Incentivos Fiscais<\/strong><\/p><p>A SOMA SOLUTIONS apoia as organiza\u00e7\u00f5es sem fins lucrativos ou econ\u00f4micos na obten\u00e7\u00e3o e manuten\u00e7\u00e3o de benef\u00edcios fiscais concedidos pelo Poder P\u00fablico, nos \u00e2mbitos federal, estadual e municipal, tais como imunidades, isen\u00e7\u00f5es e incentivos fiscais que facilitam a capta\u00e7\u00e3o de recursos para projetos e entidades que atuam em \u00e1reas como sa\u00fade, assist\u00eancia social, cultura, meio ambiente, esporte, ensino e pesquisa, direitos humanos, inf\u00e2ncia, juventude e terceira idade.<\/p><p><strong>Obten\u00e7\u00e3o de T\u00edtulos, Qualifica\u00e7\u00f5es, Certificados<\/strong><\/p><p>A SOMA SOLUTIONS assessora as organiza\u00e7\u00f5es sem fins lucrativos ou econ\u00f4micos na obten\u00e7\u00e3o de t\u00edtulos, qualifica\u00e7\u00f5es e certificados concedidos pelo Poder P\u00fablico, tais como o Certificado de Entidade Beneficente de Assist\u00eancia Social (CEBAS), Organiza\u00e7\u00e3o da Sociedade Civil de Interesse P\u00fablico (OSCIP), Utilidade P\u00fablica Estadual e Municipal, al\u00e9m de t\u00edtulos estaduais e municipais espec\u00edficos de cada regi\u00e3o e registros em Conselhos de Pol\u00edtica P\u00fablica nas \u00e1reas de crian\u00e7a e adolesc\u00eancia, idosos, meio ambiente e direitos humanos.<\/p><p><strong>Apoio \u00e0 Capta\u00e7\u00e3o de Recursos<\/strong><\/p><p>A SOMA SOLUTIONS apoia as atividades de capta\u00e7\u00e3o de recursos das organiza\u00e7\u00f5es sem fins lucrativos e neg\u00f3cios de impacto social proporcionando seguran\u00e7a jur\u00eddica e efici\u00eancia nas rela\u00e7\u00f5es com as fontes de recursos, estudando as possibilidades de obten\u00e7\u00e3o de benef\u00edcios fiscais junto ao Poder P\u00fablico, de incentivos fiscais para doadores e patrocinadores e auxiliando na defini\u00e7\u00e3o das melhores formas de obten\u00e7\u00e3o de recursos para a manuten\u00e7\u00e3o das atividades de impacto social.<\/p><p><strong>Desenvolvimento de Contratos e Parcerias<\/strong><\/p><p>A SOMA SOLUTIONS promove o fortalecimento das rela\u00e7\u00f5es das organiza\u00e7\u00f5es sem fins lucrativos ou econ\u00f4micos e neg\u00f3cios de impacto social com seus p\u00fablicos de interesse desenvolvendo contratos de diferentes modalidades, tais como presta\u00e7\u00e3o de servi\u00e7os, compra e venda, licenciamento, marketing relacionado \u00e0 causa, realiza\u00e7\u00e3o de eventos, doa\u00e7\u00e3o, patroc\u00ednio, termos de parceria, fomento e colabora\u00e7\u00e3o com o Poder P\u00fablico, entre outros.<\/p>\t\t\t\t\t\t\t\t<\/div>\n\t\t\t\t<\/div>\n\t\t\t\t<\/div>\n\t\t<div class=\"elementor-element elementor-element-6f199c3 e-con-full e-flex e-con e-child\" data-id=\"6f199c3\" data-element_type=\"container\" data-e-type=\"container\">\n\t\t\t\t<div class=\"elementor-element elementor-element-4df3019 elementor-widget elementor-widget-spacer\" data-id=\"4df3019\" data-element_type=\"widget\" data-e-type=\"widget\" data-widget_type=\"spacer.default\">\n\t\t\t\t<div class=\"elementor-widget-container\">\n\t\t\t\t\t\t\t<div class=\"elementor-spacer\">\n\t\t\t<div class=\"elementor-spacer-inner\"><\/div>\n\t\t<\/div>\n\t\t\t\t\t\t<\/div>\n\t\t\t\t<\/div>\n\t\t\t\t<\/div>\n\t\t\t\t\t<\/div>\n\t\t\t\t<\/div>\n\t\t\t\t<\/div>\n\t\t","protected":false},"excerpt":{"rendered":"<p>Assessoria T\u00e9cnico-Legal A SOMA SOLUTIONS estuda a iniciativa social para entender seu formato jur\u00eddico mais adequado e apoiamos seu desenvolvimento levando em conta quest\u00f5es institucionais, estatut\u00e1rias, contratuais, trabalhistas e de governan\u00e7a; t\u00edtulos e certificados p\u00fablicos; imunidades, isen\u00e7\u00f5es e incentivos fiscais. Cria\u00e7\u00e3o de Organiza\u00e7\u00f5es A SOMA SOLUTIONS analisa as necessidades sociais apresentadas por nossos clientes e [&hellip;]<\/p>\n","protected":false},"author":1,"featured_media":0,"parent":0,"menu_order":0,"comment_status":"closed","ping_status":"closed","template":"elementor_header_footer","meta":{"ocean_post_layout":"","ocean_both_sidebars_style":"","ocean_both_sidebars_content_width":0,"ocean_both_sidebars_sidebars_width":0,"ocean_sidebar":"","ocean_second_sidebar":"","ocean_disable_margins":"enable","ocean_add_body_class":"","ocean_shortcode_before_top_bar":"","ocean_shortcode_after_top_bar":"","ocean_shortcode_before_header":"","ocean_shortcode_after_header":"","ocean_has_shortcode":"","ocean_shortcode_after_title":"","ocean_shortcode_before_footer_widgets":"","ocean_shortcode_after_footer_widgets":"","ocean_shortcode_before_footer_bottom":"","ocean_shortcode_after_footer_bottom":"","ocean_display_top_bar":"default","ocean_display_header":"default","ocean_header_style":"","ocean_center_header_left_menu":"","ocean_custom_header_template":"","ocean_custom_logo":0,"ocean_custom_retina_logo":0,"ocean_custom_logo_max_width":0,"ocean_custom_logo_tablet_max_width":0,"ocean_custom_logo_mobile_max_width":0,"ocean_custom_logo_max_height":0,"ocean_custom_logo_tablet_max_height":0,"ocean_custom_logo_mobile_max_height":0,"ocean_header_custom_menu":"","ocean_menu_typo_font_family":"","ocean_menu_typo_font_subset":"","ocean_menu_typo_font_size":0,"ocean_menu_typo_font_size_tablet":0,"ocean_menu_typo_font_size_mobile":0,"ocean_menu_typo_font_size_unit":"px","ocean_menu_typo_font_weight":"","ocean_menu_typo_font_weight_tablet":"","ocean_menu_typo_font_weight_mobile":"","ocean_menu_typo_transform":"","ocean_menu_typo_transform_tablet":"","ocean_menu_typo_transform_mobile":"","ocean_menu_typo_line_height":0,"ocean_menu_typo_line_height_tablet":0,"ocean_menu_typo_line_height_mobile":0,"ocean_menu_typo_line_height_unit":"","ocean_menu_typo_spacing":0,"ocean_menu_typo_spacing_tablet":0,"ocean_menu_typo_spacing_mobile":0,"ocean_menu_typo_spacing_unit":"","ocean_menu_link_color":"","ocean_menu_link_color_hover":"","ocean_menu_link_color_active":"","ocean_menu_link_background":"","ocean_menu_link_hover_background":"","ocean_menu_link_active_background":"","ocean_menu_social_links_bg":"","ocean_menu_social_hover_links_bg":"","ocean_menu_social_links_color":"","ocean_menu_social_hover_links_color":"","ocean_disable_title":"on","ocean_disable_heading":"default","ocean_post_title":"","ocean_post_subheading":"","ocean_post_title_style":"","ocean_post_title_background_color":"","ocean_post_title_background":0,"ocean_post_title_bg_image_position":"","ocean_post_title_bg_image_attachment":"","ocean_post_title_bg_image_repeat":"","ocean_post_title_bg_image_size":"","ocean_post_title_height":0,"ocean_post_title_bg_overlay":0.5,"ocean_post_title_bg_overlay_color":"","ocean_disable_breadcrumbs":"default","ocean_breadcrumbs_color":"","ocean_breadcrumbs_separator_color":"","ocean_breadcrumbs_links_color":"","ocean_breadcrumbs_links_hover_color":"","ocean_display_footer_widgets":"off","ocean_display_footer_bottom":"off","ocean_custom_footer_template":"","footnotes":""},"class_list":["post-178","page","type-page","status-publish","hentry","entry"],"_links":{"self":[{"href":"https:\/\/soma.srv.br\/index.php\/wp-json\/wp\/v2\/pages\/178"}],"collection":[{"href":"https:\/\/soma.srv.br\/index.php\/wp-json\/wp\/v2\/pages"}],"about":[{"href":"https:\/\/soma.srv.br\/index.php\/wp-json\/wp\/v2\/types\/page"}],"author":[{"embeddable":true,"href":"https:\/\/soma.srv.br\/index.php\/wp-json\/wp\/v2\/users\/1"}],"replies":[{"embeddable":true,"href":"https:\/\/soma.srv.br\/index.php\/wp-json\/wp\/v2\/comments?post=178"}],"version-history":[{"count":7,"href":"https:\/\/soma.srv.br\/index.php\/wp-json\/wp\/v2\/pages\/178\/revisions"}],"predecessor-version":[{"id":297,"href":"https:\/\/soma.srv.br\/index.php\/wp-json\/wp\/v2\/pages\/178\/revisions\/297"}],"wp:attachment":[{"href":"https:\/\/soma.srv.br\/index.php\/wp-json\/wp\/v2\/media?parent=178"}],"curies":[{"name":"wp","href":"https:\/\/api.w.org\/{rel}","templated":true}]}}