{"id":115,"date":"2024-07-25T12:20:05","date_gmt":"2024-07-25T15:20:05","guid":{"rendered":"https:\/\/soma.srv.br\/?page_id=115"},"modified":"2025-07-18T18:52:07","modified_gmt":"2025-07-18T21:52:07","slug":"financas-corporativas","status":"publish","type":"page","link":"https:\/\/soma.srv.br\/index.php\/financas-corporativas\/","title":{"rendered":"FINAN\u00c7AS CORPORATIVAS"},"content":{"rendered":"\t\t<div data-elementor-type=\"wp-page\" data-elementor-id=\"115\" class=\"elementor elementor-115\">\n\t\t\t\t<div class=\"elementor-element elementor-element-3498c10 e-flex e-con-boxed e-con e-parent\" data-id=\"3498c10\" data-element_type=\"container\" data-e-type=\"container\">\n\t\t\t\t\t<div class=\"e-con-inner\">\n\t\t\t\t<div class=\"elementor-element elementor-element-ffc6f7c elementor-widget elementor-widget-spacer\" data-id=\"ffc6f7c\" data-element_type=\"widget\" data-e-type=\"widget\" data-widget_type=\"spacer.default\">\n\t\t\t\t<div class=\"elementor-widget-container\">\n\t\t\t\t\t\t\t<div class=\"elementor-spacer\">\n\t\t\t<div class=\"elementor-spacer-inner\"><\/div>\n\t\t<\/div>\n\t\t\t\t\t\t<\/div>\n\t\t\t\t<\/div>\n\t\t\t\t<div class=\"elementor-element elementor-element-39410fe elementor-widget elementor-widget-heading\" data-id=\"39410fe\" data-element_type=\"widget\" data-e-type=\"widget\" data-widget_type=\"heading.default\">\n\t\t\t\t<div class=\"elementor-widget-container\">\n\t\t\t\t\t<h2 class=\"elementor-heading-title elementor-size-default\">Finan\u00e7as Corporativas<\/h2>\t\t\t\t<\/div>\n\t\t\t\t<\/div>\n\t\t\t\t<div class=\"elementor-element elementor-element-df94703 elementor-widget elementor-widget-text-editor\" data-id=\"df94703\" data-element_type=\"widget\" data-e-type=\"widget\" data-widget_type=\"text-editor.default\">\n\t\t\t\t<div class=\"elementor-widget-container\">\n\t\t\t\t\t\t\t\t\t<p>A SOMA SOLUTIONS apoia as empresas em suas principais quest\u00f5es financeiras, com o objetivo de garantir a rentabilidade dos neg\u00f3cios e a cria\u00e7\u00e3o de valor para os acionistas.<\/p>\t\t\t\t\t\t\t\t<\/div>\n\t\t\t\t<\/div>\n\t\t<div class=\"elementor-element elementor-element-390757b e-con-full e-flex e-con e-child\" data-id=\"390757b\" data-element_type=\"container\" data-e-type=\"container\">\n\t\t\t\t<div class=\"elementor-element elementor-element-82d5fcc elementor-widget elementor-widget-heading\" data-id=\"82d5fcc\" data-element_type=\"widget\" data-e-type=\"widget\" data-widget_type=\"heading.default\">\n\t\t\t\t<div class=\"elementor-widget-container\">\n\t\t\t\t\t<h2 class=\"elementor-heading-title elementor-size-default\">Estrat\u00e9gia e Planejamento Financeiro<\/h2>\t\t\t\t<\/div>\n\t\t\t\t<\/div>\n\t\t\t\t<div class=\"elementor-element elementor-element-6fcc95a elementor-widget elementor-widget-text-editor\" data-id=\"6fcc95a\" data-element_type=\"widget\" data-e-type=\"widget\" data-widget_type=\"text-editor.default\">\n\t\t\t\t<div class=\"elementor-widget-container\">\n\t\t\t\t\t\t\t\t\t<p>Planejamento e estrutura\u00e7\u00e3o financeira s\u00e3o indicados para empresas que procuram uma gest\u00e3o financeira mais eficaz e orientada para a otimiza\u00e7\u00e3o do capital.<\/p><p>\u00c9 essencial que o planejamento financeiro e o planejamento estrat\u00e9gico estejam alinhados aos objetivos e metas do neg\u00f3cio. A SOMA SOLUTIONS realiza um mapeamento da estrutura financeira a fim de conhecer seu desempenho, necessidades, expectativas e definir estrat\u00e9gias que priorizem o uso mais eficiente de capital, ativos e demais recursos.<\/p><p>Nossa atua\u00e7\u00e3o engloba o desenvolvimento de um modelo de gest\u00e3o financeira aderente \u00e0s suas necessidades.\u00a0<span style=\"font-size: 17px; color: var( --e-global-color-text );\">Adotamos ferramentas e pr\u00e1ticas que maximizam o uso de recursos, otimizam processos, melhoram controles e garantem um fluxo de caixa saud\u00e1vel para viabilizar e sustentar o crescimento do seu neg\u00f3cio.<\/span><\/p>\t\t\t\t\t\t\t\t<\/div>\n\t\t\t\t<\/div>\n\t\t\t\t<div class=\"elementor-element elementor-element-0b89f53 elementor-widget elementor-widget-heading\" data-id=\"0b89f53\" data-element_type=\"widget\" data-e-type=\"widget\" data-widget_type=\"heading.default\">\n\t\t\t\t<div class=\"elementor-widget-container\">\n\t\t\t\t\t<h2 class=\"elementor-heading-title elementor-size-default\">Diagn\u00f3stico Econ\u00f4mico-Financeiro<\/h2>\t\t\t\t<\/div>\n\t\t\t\t<\/div>\n\t\t\t\t<div class=\"elementor-element elementor-element-1d7be45 elementor-widget elementor-widget-text-editor\" data-id=\"1d7be45\" data-element_type=\"widget\" data-e-type=\"widget\" data-widget_type=\"text-editor.default\">\n\t\t\t\t<div class=\"elementor-widget-container\">\n\t\t\t\t\t\t\t\t\t<p><span style=\"font-size: 17px; color: var( --e-global-color-text );\">Por meio de uma avalia\u00e7\u00e3o do desempenho e do modelo de neg\u00f3cios existente, o diagn\u00f3stico permite identificar o Economic Value Added (EVA\u00ae) e compreender a realidade econ\u00f4mica da empresa, sua sa\u00fade financeira, gest\u00e3o de caixa, capacidade de gera\u00e7\u00e3o de valor, necessidade de investimentos, bem como identificar oportunidades para a otimiza\u00e7\u00e3o dos recursos, melhoria de margens e redu\u00e7\u00e3o de custos.<\/span><\/p><p><span style=\"font-size: 17px; color: var( --e-global-color-text );\">Al\u00e9m disso, um diagn\u00f3stico preciso permite tamb\u00e9m a identifica\u00e7\u00e3o do que realmente gera valor para o acionista. As recomenda\u00e7\u00f5es da consultoria possibilitam um direcionamento do processo de reestrutura\u00e7\u00e3o financeira e subsidiam a tomada de decis\u00f5es para o futuro, melhorando a efici\u00eancia dos neg\u00f3cios e o retorno sobre o capital investido.<\/span><\/p>\t\t\t\t\t\t\t\t<\/div>\n\t\t\t\t<\/div>\n\t\t\t\t<div class=\"elementor-element elementor-element-698cbaf elementor-widget elementor-widget-heading\" data-id=\"698cbaf\" data-element_type=\"widget\" data-e-type=\"widget\" data-widget_type=\"heading.default\">\n\t\t\t\t<div class=\"elementor-widget-container\">\n\t\t\t\t\t<h2 class=\"elementor-heading-title elementor-size-default\">An\u00e1lise e Revis\u00e3o da Estrutura de Capital<\/h2>\t\t\t\t<\/div>\n\t\t\t\t<\/div>\n\t\t\t\t<div class=\"elementor-element elementor-element-c8ab9e6 elementor-widget elementor-widget-text-editor\" data-id=\"c8ab9e6\" data-element_type=\"widget\" data-e-type=\"widget\" data-widget_type=\"text-editor.default\">\n\t\t\t\t<div class=\"elementor-widget-container\">\n\t\t\t\t\t\t\t\t\t<p>A reestrutura\u00e7\u00e3o de d\u00edvida \u00e9 algo muito comum em empresas de diferentes portes e setores. Ela \u00e9 uma das formas de promover o crescimento dos neg\u00f3cios e solucionar o gap financeiro, geralmente relacionado a um endividamento com perfil n\u00e3o compat\u00edvel \u00e0 realidade do neg\u00f3cio e capacidade de gera\u00e7\u00e3o de caixa. Nesse contexto, a reestrutura\u00e7\u00e3o financeira e a readequa\u00e7\u00e3o da estrutura de capital s\u00e3o necess\u00e1rias para manter o fluxo de caixa equilibrado.<\/p><p>H\u00e1 situa\u00e7\u00f5es que n\u00e3o se resumem apenas \u00e0 renegocia\u00e7\u00e3o e alongamento de d\u00edvidas, capta\u00e7\u00e3o de recursos ou venda de ativos. Por isso, identificar e tratar pontos cr\u00edticos como redu\u00e7\u00e3o de custos e despesas, aumento de margens, melhoria de desempenho, ciclo financeiro, otimiza\u00e7\u00e3o de ativos e capital de giro, \u00e9 essencial. Outro aspecto importante \u00e9 necessidade de ter um planejamento estrat\u00e9gico e financeiro estruturado, que inclua a proje\u00e7\u00e3o do volume de neg\u00f3cios, expectativa de gera\u00e7\u00e3o de caixa, plano de investimentos e necessidade de capital.<\/p><p>A SOMA SOLUTIONS identifica a melhor solu\u00e7\u00e3o para o neg\u00f3cio e seus acionistas, apontando a necessidade de investimentos e a melhor forma de empregar o capital de terceiros. Uma avalia\u00e7\u00e3o da estrutura de capital \u00e9 realizada, juntamente \u00e0 constru\u00e7\u00e3o de uma modelagem financeira para equalizar gaps de caixa e manter o n\u00edvel de endividamento dentro das pr\u00e1ticas de mercado.<\/p>\t\t\t\t\t\t\t\t<\/div>\n\t\t\t\t<\/div>\n\t\t\t\t<div class=\"elementor-element elementor-element-f5d84b5 elementor-widget elementor-widget-heading\" data-id=\"f5d84b5\" data-element_type=\"widget\" data-e-type=\"widget\" data-widget_type=\"heading.default\">\n\t\t\t\t<div class=\"elementor-widget-container\">\n\t\t\t\t\t<h2 class=\"elementor-heading-title elementor-size-default\">Gest\u00e3o Baseada em Valor (VBM)<\/h2>\t\t\t\t<\/div>\n\t\t\t\t<\/div>\n\t\t\t\t<div class=\"elementor-element elementor-element-00bb4f5 elementor-widget elementor-widget-text-editor\" data-id=\"00bb4f5\" data-element_type=\"widget\" data-e-type=\"widget\" data-widget_type=\"text-editor.default\">\n\t\t\t\t<div class=\"elementor-widget-container\">\n\t\t\t\t\t\t\t\t\t<p>A Value Based Management &#8211; VBM (Gest\u00e3o Baseada no Valor &#8211; GBV) \u00e9 uma metodologia de gest\u00e3o que guia todas as decis\u00f5es da empresa para um \u00fanico objetivo: aumento de riqueza.<\/p><p>A Gest\u00e3o Baseada no Valor se conecta diretamente ao conceito de lucro econ\u00f4mico: cria\u00e7\u00e3o de valor produzida por meio de resultados que superam os custos gerados pelo capital investido. Empresas que se concentram apenas em indicadores tradicionais de desempenho, como aumento de vendas e lucro, para mensurar seu crescimento, correm o risco de direcionar esfor\u00e7os para estrat\u00e9gias e a\u00e7\u00f5es que n\u00e3o atinjam a finalidade desejada.<\/p><p>Por isso, a Gest\u00e3o Baseada no Valor envolve os mais diferentes n\u00edveis hier\u00e1rquicos da empresa, exigindo mudan\u00e7a de postura e mentalidade entre gestores para o incentivo \u00e0 participa\u00e7\u00e3o de todos no processo. As decis\u00f5es devem ser tomadas a partir dos value drivers (direcionadores de valor), vetores que promovem maior aumento de riqueza e interferem no valor econ\u00f4mico do neg\u00f3cio.<\/p>\t\t\t\t\t\t\t\t<\/div>\n\t\t\t\t<\/div>\n\t\t\t\t<div class=\"elementor-element elementor-element-a370a5b elementor-widget elementor-widget-heading\" data-id=\"a370a5b\" data-element_type=\"widget\" data-e-type=\"widget\" data-widget_type=\"heading.default\">\n\t\t\t\t<div class=\"elementor-widget-container\">\n\t\t\t\t\t<h2 class=\"elementor-heading-title elementor-size-default\">Estudo de Viabilidade de Neg\u00f3cios<\/h2>\t\t\t\t<\/div>\n\t\t\t\t<\/div>\n\t\t\t\t<div class=\"elementor-element elementor-element-16b5a97 elementor-widget elementor-widget-text-editor\" data-id=\"16b5a97\" data-element_type=\"widget\" data-e-type=\"widget\" data-widget_type=\"text-editor.default\">\n\t\t\t\t<div class=\"elementor-widget-container\">\n\t\t\t\t\t\t\t\t\t<p>Avaliar o melhor projeto e a maneira correta de aplicar o capital da sua empresa \u00e9 de extrema import\u00e2ncia. Essa escolha exige um processo estruturado de an\u00e1lise e decis\u00f5es seguras para potencializar o retorno sobre o investimento.<\/p><p>Investir em um novo projeto \u00e9 sempre desafiador.\u00a0<span style=\"font-size: 17px; color: var( --e-global-color-text );\">E para evitar riscos inesperados ou o uso equivocado de recursos, todo investimento deve ser analisado para compreender os riscos envolvidos, viabilidade, retorno e atratividade para o neg\u00f3cio.<\/span><\/p><p>Para auxiliar nesse processo, a SOMA SOLUTIONS possui um conjunto de pr\u00e1ticas estruturadas de an\u00e1lises de mercado, elabora\u00e7\u00e3o de planos de neg\u00f3cio, estudos de viabilidade econ\u00f4micofinanceira e an\u00e1lise de riscos de investimento.<\/p>\t\t\t\t\t\t\t\t<\/div>\n\t\t\t\t<\/div>\n\t\t\t\t<div class=\"elementor-element elementor-element-af3b3f9 elementor-widget elementor-widget-heading\" data-id=\"af3b3f9\" data-element_type=\"widget\" data-e-type=\"widget\" data-widget_type=\"heading.default\">\n\t\t\t\t<div class=\"elementor-widget-container\">\n\t\t\t\t\t<h2 class=\"elementor-heading-title elementor-size-default\">\nAvalia\u00e7\u00e3o de Empresas (VALUATION)<\/h2>\t\t\t\t<\/div>\n\t\t\t\t<\/div>\n\t\t\t\t<div class=\"elementor-element elementor-element-6638ca0 elementor-widget elementor-widget-text-editor\" data-id=\"6638ca0\" data-element_type=\"widget\" data-e-type=\"widget\" data-widget_type=\"text-editor.default\">\n\t\t\t\t<div class=\"elementor-widget-container\">\n\t\t\t\t\t\t\t\t\t<p>Imprescind\u00edvel para qualquer processo de Mergers and Acquisitions (M&amp;A) e cada vez mais utilizada como ferramenta de gest\u00e3o, a avalia\u00e7\u00e3o de empresas (valuation) se torna necess\u00e1ria para garantir, de maneira estat\u00edstica e sistematizada, um valor justo e compat\u00edvel com a capacidade de gera\u00e7\u00e3o de riqueza dos neg\u00f3cios e a realidade do mercado.<\/p><p>Existem diversos fatores que levam o empres\u00e1rio a querer saber o real valor de seu neg\u00f3cio. Com isso em vista, a SOMA SOLUTIONS desenvolveu um processo sistematizado que inclui modelos quantitativos, metodologias que seguem padr\u00f5es internacionais e um profundo conhecimento de mercado.<\/p><p>Dentre os principais m\u00e9todos (fluxo de caixa descontado, valor patrimonial, liquida\u00e7\u00e3o, mercado e m\u00faltiplos), a SOMA SOLUTIONS adota o mais adequado para o seu neg\u00f3cio, realizando ainda uma an\u00e1lise de dados hist\u00f3ricos, aspectos mercadol\u00f3gicos (clientes, concorrentes, conjuntura pol\u00edtica, econ\u00f4mica e tecnol\u00f3gica), proje\u00e7\u00f5es de cen\u00e1rios (mix de produtos, pre\u00e7o, potencial de vendas, estrutura, investimentos, giro etc.) e an\u00e1lise de sensibilidade do valor da empresa.<\/p><p>A avalia\u00e7\u00e3o pode ser feita em casos de compra\/venda, ou para identificar o potencial da empresa, ou ainda como ferramenta de gest\u00e3o para orientar estrat\u00e9gias que geram mais riqueza. Nesses casos, a SOMA SOLUTIONS realiza uma avalia\u00e7\u00e3o inicial e fornece recomenda\u00e7\u00f5es buscando o aumento de valor do neg\u00f3cio. Uma vez que essas recomenda\u00e7\u00f5es sejam contempladas no planejamento estrat\u00e9gico e implementadas, uma nova avalia\u00e7\u00e3o \u00e9 feita, para compreender o impacto das novas a\u00e7\u00f5es nos resultados e na agrega\u00e7\u00e3o de valor.<\/p><p><strong>Assessoria em M&amp;A<\/strong><\/p><p>A assessoria em Mergers and Acquisitions (M&amp;A) ou Fus\u00f5es e Aquisi\u00e7\u00f5es (F&amp;A), como \u00e9 conhecida no Brasil, \u00e9 a maneira estruturada e profissional de realizar a compra, venda ou fus\u00e3o de uma empresa. Esse \u00e9 um processo que requer conhecimento, experi\u00eancia, uma boa rede de relacionamentos e profundo conhecimento sobre o neg\u00f3cio.<\/p><p>A assessoria se estende por todas as etapas de M&amp;A. Dentre os principais servi\u00e7os prestados est\u00e3o: prepara\u00e7\u00e3o da empresa para venda, avalia\u00e7\u00e3o (valuation), mapeamento de investidores potenciais (em casos de venda), mapeamento de potenciais empresas potenciais alvo (em casos de aquisi\u00e7\u00e3o), negocia\u00e7\u00e3o, coordena\u00e7\u00e3o de Due Diligence e acompanhamento das negocia\u00e7\u00f5es at\u00e9 a assinatura do contrato.<\/p><p><strong>Assessoria em Fus\u00f5es<\/strong><\/p><p>A fus\u00e3o entre duas empresas acontece quando duas sociedades distintas se unem para formar uma \u00fanica organiza\u00e7\u00e3o. As principais vantagens de uma fus\u00e3o s\u00e3o a concentra\u00e7\u00e3o de mercado, redu\u00e7\u00e3o de custos com a sinergia dos neg\u00f3cios, maior capacidade de negocia\u00e7\u00e3o e aumento de lucratividade.<\/p><p>Por outro lado, desafios como o impacto na cultura organizacional, diferen\u00e7as de n\u00edvel tecnol\u00f3gico, padroniza\u00e7\u00e3o de processos e do modelo de gest\u00e3o tamb\u00e9m est\u00e3o presentes. Por isso, a assessoria \u00e9 importante para que a negocia\u00e7\u00e3o e acordos ocorram de maneira clara, justa e transparente entre as\u00a0 partes, com pap\u00e9is e responsabilidades bem definidos, boa comunica\u00e7\u00e3o entre os envolvidos e um processo de integra\u00e7\u00e3o estruturado.<\/p><p><strong>Assessoria em Vendas de Empresas<\/strong><\/p><p>Realizar a venda total ou parcial de uma empresa de maneira profissional e estruturada traz mais seguran\u00e7a para a transa\u00e7\u00e3o, garante sigilo em todas as etapas do processo e assegura a obten\u00e7\u00e3o de valores justos para o neg\u00f3cio, al\u00e9m de evitar desgastes ou envolvimento emocional dos s\u00f3cios.<\/p><p>A assessoria para venda de empresas inicia com uma an\u00e1lise para compreender a estrutura, o modelo de gest\u00e3o, estrat\u00e9gias, desempenho, diferenciais e potencial do neg\u00f3cio, para ent\u00e3o, desenvolver uma estrat\u00e9gia de venda e elaborar materiais de mercado (teaser, memorando de informa\u00e7\u00f5es e modelagem financeira &#8211; base para o Valuation). Esta etapa inicial \u00e9 necess\u00e1ria para identificar aspectos importantes que podem impactar na cria\u00e7\u00e3o de valor para a transa\u00e7\u00e3o e avalia\u00e7\u00e3o da empresa (Business Valuation).<\/p><p>Na sequ\u00eancia \u00e9 feito o mapeamento e contato com potenciais investidores para apresenta\u00e7\u00e3o da oportunidade de investimento (road show). Nessa fase, investidores interessados realizam an\u00e1lises mais aprofundadas, fazem ofertas e a assessoria auxilia a parte vendedora na avalia\u00e7\u00e3o de propostas e negocia\u00e7\u00e3o dos termos da transa\u00e7\u00e3o. Com o aceite de uma oferta, a assessoria atua na coordena\u00e7\u00e3o da Due Diligence e na elabora\u00e7\u00e3o do contrato de fechamento.<\/p><p><strong>Assessoria em Venda de Empresas &#8211; Prepara\u00e7\u00e3o da Empresa para Venda<\/strong><\/p><p>A atua\u00e7\u00e3o da assessoria na prepara\u00e7\u00e3o de uma empresa para venda tem por objetivo aumentar seu valor, mesmo que n\u00e3o haja inten\u00e7\u00e3o de venda a curto prazo por parte dos s\u00f3cios. A prepara\u00e7\u00e3o se baseia no potencial da empresa, capacidade de crescimento do neg\u00f3cio e gera\u00e7\u00e3o de caixa futura, n\u00e3o passada. Por isso, a assessoria consiste em elaborar estrat\u00e9gias de crescimento e atuar em vetores como governan\u00e7a, gest\u00e3o, processos e pessoas. Ap\u00f3s atuar nos aspectos que geram valor, a empresa estar\u00e1 preparada para uma abordagem a potenciais investidores.<\/p><p><strong>Assessoria em Compra de Empresas<\/strong><\/p><p>O trabalho de assessoria na compra de empresas consiste na defini\u00e7\u00e3o de uma estrat\u00e9gia de aquisi\u00e7\u00e3o, estudos de mercado, mapeamento de empresas potenciais alvo (targets), sele\u00e7\u00e3o de targets alinhados \u00e0 estrat\u00e9gia e perfil da parte compradora, obten\u00e7\u00e3o de informa\u00e7\u00f5es sobre os targets selecionados, avalia\u00e7\u00e3o (Valuation), oferta e negocia\u00e7\u00e3o, coordena\u00e7\u00e3o de Due Diligence com aten\u00e7\u00e3o para aspectos de ordem jur\u00eddica, legal, fiscal, trabalhista, ambiental, tecnol\u00f3gica e de gest\u00e3o, bem como apoio na elabora\u00e7\u00e3o do contrato de fechamento.<\/p><p><strong>Assessoria em Avalia\u00e7\u00e3o de Empresas<\/strong><\/p><p>Diversos fatores podem levar um empres\u00e1rio a mensurar o valor real de seu neg\u00f3cio. A avalia\u00e7\u00e3o \u00e9 imprescind\u00edvel em qualquer processo de M&amp;A (Fus\u00f5es e Aquisi\u00e7\u00f5es). Ainda que o empres\u00e1rio n\u00e3o tenha a inten\u00e7\u00e3o de venda, conhecer o valor e entender o que pode ser feito para aument\u00e1lo t\u00eam ajudado muitas empresas a obterem resultados diferenciados. A avalia\u00e7\u00e3o, quando realizada sem empirismo e com ferramentas estat\u00edsticas e sistematizadas, garante um valor justo, compat\u00edvel \u00e0 realidade do mercado e capacidade de gera\u00e7\u00e3o de riqueza dos neg\u00f3cios. Assim, a assessoria desenvolve um processo de avalia\u00e7\u00e3o sistematizado, a partir de um modelo quantitativo, de metodologias que seguem padr\u00f5es internacionais e um profundo conhecimento de mercado.<\/p>\t\t\t\t\t\t\t\t<\/div>\n\t\t\t\t<\/div>\n\t\t\t\t<\/div>\n\t\t<div class=\"elementor-element elementor-element-99e5714 e-con-full e-flex e-con e-child\" data-id=\"99e5714\" data-element_type=\"container\" data-e-type=\"container\">\n\t\t\t\t<div class=\"elementor-element elementor-element-e6856a7 elementor-widget elementor-widget-spacer\" data-id=\"e6856a7\" data-element_type=\"widget\" data-e-type=\"widget\" data-widget_type=\"spacer.default\">\n\t\t\t\t<div class=\"elementor-widget-container\">\n\t\t\t\t\t\t\t<div class=\"elementor-spacer\">\n\t\t\t<div class=\"elementor-spacer-inner\"><\/div>\n\t\t<\/div>\n\t\t\t\t\t\t<\/div>\n\t\t\t\t<\/div>\n\t\t\t\t<\/div>\n\t\t\t\t\t<\/div>\n\t\t\t\t<\/div>\n\t\t\t\t<\/div>\n\t\t","protected":false},"excerpt":{"rendered":"<p>Finan\u00e7as Corporativas A SOMA SOLUTIONS apoia as empresas em suas principais quest\u00f5es financeiras, com o objetivo de garantir a rentabilidade dos neg\u00f3cios e a cria\u00e7\u00e3o de valor para os acionistas. Estrat\u00e9gia e Planejamento Financeiro Planejamento e estrutura\u00e7\u00e3o financeira s\u00e3o indicados para empresas que procuram uma gest\u00e3o financeira mais eficaz e orientada para a otimiza\u00e7\u00e3o do [&hellip;]<\/p>\n","protected":false},"author":1,"featured_media":0,"parent":0,"menu_order":0,"comment_status":"closed","ping_status":"closed","template":"elementor_header_footer","meta":{"ocean_post_layout":"","ocean_both_sidebars_style":"","ocean_both_sidebars_content_width":0,"ocean_both_sidebars_sidebars_width":0,"ocean_sidebar":"","ocean_second_sidebar":"","ocean_disable_margins":"enable","ocean_add_body_class":"","ocean_shortcode_before_top_bar":"","ocean_shortcode_after_top_bar":"","ocean_shortcode_before_header":"","ocean_shortcode_after_header":"","ocean_has_shortcode":"","ocean_shortcode_after_title":"","ocean_shortcode_before_footer_widgets":"","ocean_shortcode_after_footer_widgets":"","ocean_shortcode_before_footer_bottom":"","ocean_shortcode_after_footer_bottom":"","ocean_display_top_bar":"default","ocean_display_header":"default","ocean_header_style":"","ocean_center_header_left_menu":"","ocean_custom_header_template":"","ocean_custom_logo":0,"ocean_custom_retina_logo":0,"ocean_custom_logo_max_width":0,"ocean_custom_logo_tablet_max_width":0,"ocean_custom_logo_mobile_max_width":0,"ocean_custom_logo_max_height":0,"ocean_custom_logo_tablet_max_height":0,"ocean_custom_logo_mobile_max_height":0,"ocean_header_custom_menu":"","ocean_menu_typo_font_family":"","ocean_menu_typo_font_subset":"","ocean_menu_typo_font_size":0,"ocean_menu_typo_font_size_tablet":0,"ocean_menu_typo_font_size_mobile":0,"ocean_menu_typo_font_size_unit":"px","ocean_menu_typo_font_weight":"","ocean_menu_typo_font_weight_tablet":"","ocean_menu_typo_font_weight_mobile":"","ocean_menu_typo_transform":"","ocean_menu_typo_transform_tablet":"","ocean_menu_typo_transform_mobile":"","ocean_menu_typo_line_height":0,"ocean_menu_typo_line_height_tablet":0,"ocean_menu_typo_line_height_mobile":0,"ocean_menu_typo_line_height_unit":"","ocean_menu_typo_spacing":0,"ocean_menu_typo_spacing_tablet":0,"ocean_menu_typo_spacing_mobile":0,"ocean_menu_typo_spacing_unit":"","ocean_menu_link_color":"","ocean_menu_link_color_hover":"","ocean_menu_link_color_active":"","ocean_menu_link_background":"","ocean_menu_link_hover_background":"","ocean_menu_link_active_background":"","ocean_menu_social_links_bg":"","ocean_menu_social_hover_links_bg":"","ocean_menu_social_links_color":"","ocean_menu_social_hover_links_color":"","ocean_disable_title":"on","ocean_disable_heading":"default","ocean_post_title":"","ocean_post_subheading":"","ocean_post_title_style":"","ocean_post_title_background_color":"","ocean_post_title_background":0,"ocean_post_title_bg_image_position":"","ocean_post_title_bg_image_attachment":"","ocean_post_title_bg_image_repeat":"","ocean_post_title_bg_image_size":"","ocean_post_title_height":0,"ocean_post_title_bg_overlay":0.5,"ocean_post_title_bg_overlay_color":"","ocean_disable_breadcrumbs":"default","ocean_breadcrumbs_color":"","ocean_breadcrumbs_separator_color":"","ocean_breadcrumbs_links_color":"","ocean_breadcrumbs_links_hover_color":"","ocean_display_footer_widgets":"off","ocean_display_footer_bottom":"default","ocean_custom_footer_template":"","footnotes":""},"class_list":["post-115","page","type-page","status-publish","hentry","entry"],"_links":{"self":[{"href":"https:\/\/soma.srv.br\/index.php\/wp-json\/wp\/v2\/pages\/115"}],"collection":[{"href":"https:\/\/soma.srv.br\/index.php\/wp-json\/wp\/v2\/pages"}],"about":[{"href":"https:\/\/soma.srv.br\/index.php\/wp-json\/wp\/v2\/types\/page"}],"author":[{"embeddable":true,"href":"https:\/\/soma.srv.br\/index.php\/wp-json\/wp\/v2\/users\/1"}],"replies":[{"embeddable":true,"href":"https:\/\/soma.srv.br\/index.php\/wp-json\/wp\/v2\/comments?post=115"}],"version-history":[{"count":28,"href":"https:\/\/soma.srv.br\/index.php\/wp-json\/wp\/v2\/pages\/115\/revisions"}],"predecessor-version":[{"id":285,"href":"https:\/\/soma.srv.br\/index.php\/wp-json\/wp\/v2\/pages\/115\/revisions\/285"}],"wp:attachment":[{"href":"https:\/\/soma.srv.br\/index.php\/wp-json\/wp\/v2\/media?parent=115"}],"curies":[{"name":"wp","href":"https:\/\/api.w.org\/{rel}","templated":true}]}}