{"id":105,"date":"2024-07-25T11:28:53","date_gmt":"2024-07-25T14:28:53","guid":{"rendered":"https:\/\/soma.srv.br\/?page_id=105"},"modified":"2025-07-18T18:46:11","modified_gmt":"2025-07-18T21:46:11","slug":"gestao-estrategica","status":"publish","type":"page","link":"https:\/\/soma.srv.br\/index.php\/gestao-estrategica\/","title":{"rendered":"GEST\u00c3O ESTRAT\u00c9GICA"},"content":{"rendered":"\t\t<div data-elementor-type=\"wp-page\" data-elementor-id=\"105\" class=\"elementor elementor-105\">\n\t\t\t\t<div class=\"elementor-element elementor-element-6db999d e-flex e-con-boxed e-con e-parent\" data-id=\"6db999d\" data-element_type=\"container\" data-e-type=\"container\">\n\t\t\t\t\t<div class=\"e-con-inner\">\n\t\t\t\t<div class=\"elementor-element elementor-element-80b487b elementor-widget elementor-widget-spacer\" data-id=\"80b487b\" data-element_type=\"widget\" data-e-type=\"widget\" data-widget_type=\"spacer.default\">\n\t\t\t\t<div class=\"elementor-widget-container\">\n\t\t\t\t\t\t\t<div class=\"elementor-spacer\">\n\t\t\t<div class=\"elementor-spacer-inner\"><\/div>\n\t\t<\/div>\n\t\t\t\t\t\t<\/div>\n\t\t\t\t<\/div>\n\t\t\t\t<div class=\"elementor-element elementor-element-89b4334 elementor-widget elementor-widget-heading\" data-id=\"89b4334\" data-element_type=\"widget\" data-e-type=\"widget\" data-widget_type=\"heading.default\">\n\t\t\t\t<div class=\"elementor-widget-container\">\n\t\t\t\t\t<h2 class=\"elementor-heading-title elementor-size-default\">Governan\u00e7a Corporativa<\/h2>\t\t\t\t<\/div>\n\t\t\t\t<\/div>\n\t\t\t\t<div class=\"elementor-element elementor-element-33fdefa elementor-widget elementor-widget-text-editor\" data-id=\"33fdefa\" data-element_type=\"widget\" data-e-type=\"widget\" data-widget_type=\"text-editor.default\">\n\t\t\t\t<div class=\"elementor-widget-container\">\n\t\t\t\t\t\t\t\t\t<p>Com foco no desenvolvimento e longevidade dos neg\u00f3cios, a SOMA SOLUTIONS atua nas quest\u00f5es centrais da governan\u00e7a, compreendendo a maturidade de gest\u00e3o da empresa.<\/p>\t\t\t\t\t\t\t\t<\/div>\n\t\t\t\t<\/div>\n\t\t<div class=\"elementor-element elementor-element-1c7d283 e-con-full e-flex e-con e-child\" data-id=\"1c7d283\" data-element_type=\"container\" data-e-type=\"container\">\n\t\t\t\t<div class=\"elementor-element elementor-element-fbda041 elementor-widget elementor-widget-heading\" data-id=\"fbda041\" data-element_type=\"widget\" data-e-type=\"widget\" data-widget_type=\"heading.default\">\n\t\t\t\t<div class=\"elementor-widget-container\">\n\t\t\t\t\t<h2 class=\"elementor-heading-title elementor-size-default\">Planejamento Societ\u00e1rio<\/h2>\t\t\t\t<\/div>\n\t\t\t\t<\/div>\n\t\t\t\t<div class=\"elementor-element elementor-element-e32ae9a elementor-widget elementor-widget-text-editor\" data-id=\"e32ae9a\" data-element_type=\"widget\" data-e-type=\"widget\" data-widget_type=\"text-editor.default\">\n\t\t\t\t<div class=\"elementor-widget-container\">\n\t\t\t\t\t\t\t\t\t<p>O Diagn\u00f3stico Empresarial consiste no processo de imers\u00e3o nas v\u00e1rias \u00e1reas de neg\u00f3cio de uma empresa, com o objetivo de conhecer suas caracter\u00edsticas, estrat\u00e9gias, resultados e pr\u00e1ticas de gest\u00e3o. Com ele, \u00e9 poss\u00edvel obter uma vis\u00e3o clara e real das oportunidades e prioridades existentes, e encaminhar solu\u00e7\u00f5es de maneira mais r\u00e1pida e efetiva.<\/p><p>A partir de diferentes metodologias, a consultoria analisa vetores como: gest\u00e3o, estrat\u00e9gia, pessoas, estrutura, desempenho financeiro, opera\u00e7\u00f5es, vendas e marketing. Ap\u00f3s a an\u00e1lise, a consultoria apresenta um retrato da situa\u00e7\u00e3o atual e estrutura um mapa de oportunidades, contendo solu\u00e7\u00f5es recomendadas e priorizadas de acordo com as necessidades de cada neg\u00f3cio, com o foco pr\u00e1tico e a neutralidade de uma equipe de especialistas capaz de sugerir as mudan\u00e7as necess\u00e1rias para o seu neg\u00f3cio.<\/p><p>O Diagn\u00f3stico Empresarial permite o aprimoramento e aplica\u00e7\u00e3o de novas pr\u00e1ticas na gest\u00e3o. Com o mercado cada vez mais exigente, \u00e9 importante manter-se atualizado e seguir a estrat\u00e9gia correta, implementando solu\u00e7\u00f5es que tragam resultados para a empresa e aumentem sua competitividade.<\/p>\t\t\t\t\t\t\t\t<\/div>\n\t\t\t\t<\/div>\n\t\t\t\t<div class=\"elementor-element elementor-element-27b439d elementor-widget elementor-widget-heading\" data-id=\"27b439d\" data-element_type=\"widget\" data-e-type=\"widget\" data-widget_type=\"heading.default\">\n\t\t\t\t<div class=\"elementor-widget-container\">\n\t\t\t\t\t<h2 class=\"elementor-heading-title elementor-size-default\">Planejamento Estrat\u00e9gico<\/h2>\t\t\t\t<\/div>\n\t\t\t\t<\/div>\n\t\t\t\t<div class=\"elementor-element elementor-element-97235c1 elementor-widget elementor-widget-text-editor\" data-id=\"97235c1\" data-element_type=\"widget\" data-e-type=\"widget\" data-widget_type=\"text-editor.default\">\n\t\t\t\t<div class=\"elementor-widget-container\">\n\t\t\t\t\t\t\t\t\t<p>O Planejamento Estrat\u00e9gico elaborado pela SOMA SOLUTIONS permite que a empresa cliente cres\u00e7a no seu mercado de atua\u00e7\u00e3o por meio da explora\u00e7\u00e3o de oportunidades, criando diferenciais competitivos e, garantindo assim, a longevidade dos neg\u00f3cios.<\/p><p>O Planejamento muito mais do que apenas uma an\u00e1lise de onde a empresa est\u00e1 e para onde vai, ele \u00e9 o grande direcionador que deve guiar todas as decis\u00f5es da empresa.<\/p><p>Para que o Planejamento Estrat\u00e9gico tenha efetividade e seus resultados sejam alcan\u00e7ados, a SOMA SOLUTIONS desenvolve tamb\u00e9m o Planejamento Operacional, com o objetivo de sustentar a\u00e7\u00f5es e projetos estrat\u00e9gicos.<\/p>\t\t\t\t\t\t\t\t<\/div>\n\t\t\t\t<\/div>\n\t\t\t\t<div class=\"elementor-element elementor-element-3a76826 elementor-widget elementor-widget-heading\" data-id=\"3a76826\" data-element_type=\"widget\" data-e-type=\"widget\" data-widget_type=\"heading.default\">\n\t\t\t\t<div class=\"elementor-widget-container\">\n\t\t\t\t\t<h2 class=\"elementor-heading-title elementor-size-default\">Gest\u00e3o da Performance dos Neg\u00f3cios<\/h2>\t\t\t\t<\/div>\n\t\t\t\t<\/div>\n\t\t\t\t<div class=\"elementor-element elementor-element-2a49de4 elementor-widget elementor-widget-text-editor\" data-id=\"2a49de4\" data-element_type=\"widget\" data-e-type=\"widget\" data-widget_type=\"text-editor.default\">\n\t\t\t\t<div class=\"elementor-widget-container\">\n\t\t\t\t\t\t\t\t\t<p>A gest\u00e3o de alta performance desenvolvida pela SOMA SOLUTIONS prev\u00ea a implanta\u00e7\u00e3o de um conjunto de pr\u00e1ticas que colocam sua empresa em dire\u00e7\u00e3o \u00e0s suas metas e ao alcance dos resultados esperados. Gerenciar, acompanhar, avaliar e melhorar continuamente a performance dos neg\u00f3cios traz agilidade nas decis\u00f5es e a possibilidade de corre\u00e7\u00e3o de rotas, tornando a empresa mais eficiente e orientada para resultados. Est\u00e3o envolvidos na gest\u00e3o de performance corporativa:<\/p><ul><li>An\u00e1lise dos objetivos estrat\u00e9gicos da empresa;<\/li><li>Defini\u00e7\u00e3o dos indicadores de desempenho (KPI \u2013 key performance indicators);<\/li><li>Estabelecimento de metas claras e desafiadoras;<\/li><li>Estrutura\u00e7\u00e3o dos f\u00f3runs de discuss\u00e3o de resultado (RAC \u2013 Reuni\u00f5es de An\u00e1lise Cr\u00edtica);<\/li><li>Cria\u00e7\u00e3o e dissemina\u00e7\u00e3o de uma cultura com foco em resultados;<\/li><li>Desenvolvimento de uma lideran\u00e7a forte e eficaz;<\/li><li>Engajamento da equipe com os objetivos e metas;<\/li><li>Reconhecimento com base no m\u00e9rito;<\/li><li>Comunica\u00e7\u00e3o clara e transparente; e<\/li><li>Uso de ferramentas para monitoramento de resultados (dashboard \u2013 painel de controle).<\/li><\/ul><p>A gest\u00e3o de alta performance \u00e9 mais do que apenas um estabelecimento de m\u00e9tricas capazes de mensurar o desempenho da empresa. \u00c9 a cria\u00e7\u00e3o de uma cultura focada em resultados, alinhando toda a empresa \u00e0 dire\u00e7\u00e3o de seus objetivos estrat\u00e9gicos.<\/p>\t\t\t\t\t\t\t\t<\/div>\n\t\t\t\t<\/div>\n\t\t\t\t<div class=\"elementor-element elementor-element-908dac4 elementor-widget elementor-widget-heading\" data-id=\"908dac4\" data-element_type=\"widget\" data-e-type=\"widget\" data-widget_type=\"heading.default\">\n\t\t\t\t<div class=\"elementor-widget-container\">\n\t\t\t\t\t<h2 class=\"elementor-heading-title elementor-size-default\">Reestrutura\u00e7\u00e3o Organizacional<\/h2>\t\t\t\t<\/div>\n\t\t\t\t<\/div>\n\t\t\t\t<div class=\"elementor-element elementor-element-9a36680 elementor-widget elementor-widget-text-editor\" data-id=\"9a36680\" data-element_type=\"widget\" data-e-type=\"widget\" data-widget_type=\"text-editor.default\">\n\t\t\t\t<div class=\"elementor-widget-container\">\n\t\t\t\t\t\t\t\t\t<p>Na reestrutura\u00e7\u00e3o organizacional, a SOMA SOLUTIONS faz uma revis\u00e3o e alinhamento de estrat\u00e9gias, processos e pessoas com os requerimentos do neg\u00f3cio, revisando formato, modelo de gest\u00e3o, dimensionamento de estrutura, recursos, ferramentas e sistemas &#8211; a implanta\u00e7\u00e3o de um modelo aderente, sist\u00eamico e integrado de gest\u00e3o dos processos, com orienta\u00e7\u00e3o para resultados.<\/p><p>A reestrutura\u00e7\u00e3o organizacional considera pr\u00e1ticas de gest\u00e3o de neg\u00f3cios consolidadas no mercado, abdicando de modismos e buscando solu\u00e7\u00f5es aderentes aos neg\u00f3cios da empresa.<\/p>\t\t\t\t\t\t\t\t<\/div>\n\t\t\t\t<\/div>\n\t\t\t\t<div class=\"elementor-element elementor-element-79228f5 elementor-widget elementor-widget-heading\" data-id=\"79228f5\" data-element_type=\"widget\" data-e-type=\"widget\" data-widget_type=\"heading.default\">\n\t\t\t\t<div class=\"elementor-widget-container\">\n\t\t\t\t\t<h2 class=\"elementor-heading-title elementor-size-default\">Supply Chain Management<\/h2>\t\t\t\t<\/div>\n\t\t\t\t<\/div>\n\t\t\t\t<div class=\"elementor-element elementor-element-4649f00 elementor-widget elementor-widget-text-editor\" data-id=\"4649f00\" data-element_type=\"widget\" data-e-type=\"widget\" data-widget_type=\"text-editor.default\">\n\t\t\t\t<div class=\"elementor-widget-container\">\n\t\t\t\t\t\t\t\t\t<p>A globaliza\u00e7\u00e3o dos neg\u00f3cios e a multiplicidade de fornecedores e clientes t\u00eam trazido maior grau de complexidade para a cadeia de abastecimento (Supply Chain) das empresas, tornando o mercado cada vez mais competitivo e impondo novos desafios.<\/p><p>A revis\u00e3o e estrutura\u00e7\u00e3o da cadeia de abastecimento podem transformar a rentabilidade dos neg\u00f3cios, reduzindo custos, aumentando a competitividade da empresa no mercado, aprimorando processos e solucionando gaps existentes. Quando essa reestrutura\u00e7\u00e3o \u00e9 aliada \u00e0 ado\u00e7\u00e3o de pr\u00e1ticas de mercado e ao uso de tecnologia, os ganhos s\u00e3o ainda maiores: a cadeia de abastecimento se torna mais inteligente, desenhada para cria\u00e7\u00e3o de valor e orientada para processos cada vez mais eficientes.<\/p><p>A SOMA SOLUTIONS prop\u00f5e a integra\u00e7\u00e3o e otimiza\u00e7\u00e3o dos processos da cadeia de abastecimento por meio de um mapeamento, identifica\u00e7\u00e3o de oportunidades, defini\u00e7\u00e3o de estrat\u00e9gias, desenvolvimento das compet\u00eancias cr\u00edticas de Supply Chain e monitoramento dos resultados.<\/p><p>Algumas solu\u00e7\u00f5es desenvolvidas pela consultoria:<\/p><ul><li>Dimensionamento das Redes e Canais de Distribui\u00e7\u00e3o;<\/li><li>Elabora\u00e7\u00e3o do Sistema de Custeio Log\u00edstico;<\/li><li>Estudo de Ader\u00eancia Tecnol\u00f3gica;<\/li><li>Plano de Desenvolvimento de Fornecedores;<\/li><li>S&amp;OP \u2013 Sales and Operation Planning; e<\/li><li>Supply Chain Analytics.<\/li><\/ul><p>Produzindo, assim, as seguintes a\u00e7\u00f5es e resultados:<\/p><ul><li>Possibilitar uma log\u00edstica Enxuta, oferecendo ao cliente o que ele quer, quando ele quer e exatamente onde ele quer ao menor custo poss\u00edvel, gerando valor e diferencia\u00e7\u00e3o frente a concorr\u00eancia.<\/li><li>Planejamento de Compras;<\/li><li>Planejamento e dimensionamento dos Modais de Transporte;<\/li><li>Planejamento e dimensionamento da Armazenagem;<\/li><li>Planejamento de Terceiriza\u00e7\u00e3o Parcial ou Integral da Opera\u00e7\u00e3o Log\u00edstica;<\/li><li>Redu\u00e7\u00e3o de Despesas operacionais de Armazenagem e Transportes;<\/li><li>Redu\u00e7\u00e3o do tempo de Carga e Descarga e de movimenta\u00e7\u00e3o de cargas e endere\u00e7amento;<\/li><li>Melhoria nos Prazos de Entrega;<\/li><li>Melhoria dos indicadores de Devolu\u00e7\u00e3o da Log\u00edstica Reversa;<\/li><li>Melhoria dos Indicadores de Perdas;<\/li><li>Otimiza\u00e7\u00e3o dos Estoques;<\/li><li>Melhoria no desempenho da cadeia de suprimentos; e<\/li><li>SMSERVICES\u2013 P\u00e1gina 8 de 19 Integra\u00e7\u00e3o com os demais setores da empresa dentro do contexto Estrat\u00e9gico e t\u00e1tico operacional.<\/li><\/ul>\t\t\t\t\t\t\t\t<\/div>\n\t\t\t\t<\/div>\n\t\t\t\t<div class=\"elementor-element elementor-element-8bc5553 elementor-widget elementor-widget-heading\" data-id=\"8bc5553\" data-element_type=\"widget\" data-e-type=\"widget\" data-widget_type=\"heading.default\">\n\t\t\t\t<div class=\"elementor-widget-container\">\n\t\t\t\t\t<h2 class=\"elementor-heading-title elementor-size-default\">Estrat\u00e9gia Mercadol\u00f3gica<\/h2>\t\t\t\t<\/div>\n\t\t\t\t<\/div>\n\t\t\t\t<div class=\"elementor-element elementor-element-38c8a6c elementor-widget elementor-widget-text-editor\" data-id=\"38c8a6c\" data-element_type=\"widget\" data-e-type=\"widget\" data-widget_type=\"text-editor.default\">\n\t\t\t\t<div class=\"elementor-widget-container\">\n\t\t\t\t\t\t\t\t\t<p>Maximizar o retorno do investimento ao acionista, seja no neg\u00f3cio existente ou em um novo neg\u00f3cio, assim como definir estrat\u00e9gias que impactam no posicionamento mercadol\u00f3gico da empresa, s\u00e3o temas de extrema relev\u00e2ncia e que exigem um processo estruturado de an\u00e1lise e tomada de decis\u00e3o, pois impactam diretamente na atratividade do neg\u00f3cio.\u00a0<\/p><p>Para ajudar as empresas nesse processo, a SOMA SOLUTIONS possui um conjunto de pr\u00e1ticas estruturadas para a realiza\u00e7\u00e3o de an\u00e1lises de mercado, desenvolvimento de planos de neg\u00f3cio, estudos de viabilidade econ\u00f4mico-financeira, an\u00e1lise de riscos de investimento, sem modismos ou abordagem te\u00f3rica, mas voltado para atender \u00e0 necessidade cada vez maior das empresas de tomar decis\u00f5es e explorar as oportunidades de forma r\u00e1pida, pr\u00e1tica e estruturada.<\/p><p>A condu\u00e7\u00e3o do trabalho \u00e9 feita de acordo com a necessidade de cada empresa, podendo seguir os seguintes passos:<\/p><p><strong>An\u00e1lise de Mercado<\/strong><\/p><ul><li>Mercado Alvo e Concorr\u00eancia<\/li><li>Fornecedore<\/li><li>An\u00e1lise de Cen\u00e1rios<\/li><li>Riscos | Restri\u00e7\u00f5es<\/li><\/ul><p><strong>Modelo de Neg\u00f3cio<\/strong><\/p><ul><li>Sistema de Gest\u00e3o<\/li><li>Processos de Neg\u00f3cio<\/li><li>Fluxo Operacional<\/li><li>Infraestrutura<\/li><\/ul><p><strong>Plano de Marketing<\/strong><\/p><ul><li>Estrat\u00e9gia Mercadol\u00f3gica<\/li><li>Posicionamento e Marketing<\/li><li>Portf\u00f3lio de Produtos<\/li><li>Pol\u00edtica de Pre\u00e7o<\/li><li>Estrat\u00e9gia de Distribui\u00e7\u00e3o | Capilaridade<\/li><li>Proje\u00e7\u00e3o de Vendas<\/li><\/ul><p><strong>Plano de Opera\u00e7\u00f5es<\/strong><\/p><ul><li>Planejamento da Demanda<\/li><li>SOMA SOLUTIONS \u2013 P\u00e1gina 9 de 19<\/li><li>Planejamento da Produ\u00e7\u00e3o<\/li><li>Pol\u00edtica de Estoque<\/li><li>Sistema de Custeio<\/li><li>N\u00edvel de Servi\u00e7o<\/li><\/ul><p><strong>Proje\u00e7\u00e3o Financeira e Estudos de Viabilidade<\/strong><\/p><ul><li>Investimentos<\/li><li>Receitas, Custos e Despesas<\/li><li>Proje\u00e7\u00e3o de Fluxo de Caixa e DREs<\/li><li>Ponto de Equil\u00edbrio e NCG<\/li><li>Indicadores de Viabilidade (VPL, TIR, PAYBACK)<\/li><\/ul><p><strong>Plano de Implanta\u00e7\u00e3o<\/strong><\/p><ul><li>Cronograma e Planos de A\u00e7\u00e3o<\/li><li>Indicadores de Desempenho<\/li><li>Sistema de Monitoramento<\/li><\/ul>\t\t\t\t\t\t\t\t<\/div>\n\t\t\t\t<\/div>\n\t\t\t\t<\/div>\n\t\t<div class=\"elementor-element elementor-element-1c6918f e-con-full e-flex e-con e-child\" data-id=\"1c6918f\" data-element_type=\"container\" data-e-type=\"container\">\n\t\t\t\t<div class=\"elementor-element elementor-element-7ab5d7c elementor-widget elementor-widget-spacer\" data-id=\"7ab5d7c\" data-element_type=\"widget\" data-e-type=\"widget\" data-widget_type=\"spacer.default\">\n\t\t\t\t<div class=\"elementor-widget-container\">\n\t\t\t\t\t\t\t<div class=\"elementor-spacer\">\n\t\t\t<div class=\"elementor-spacer-inner\"><\/div>\n\t\t<\/div>\n\t\t\t\t\t\t<\/div>\n\t\t\t\t<\/div>\n\t\t\t\t<\/div>\n\t\t\t\t\t<\/div>\n\t\t\t\t<\/div>\n\t\t\t\t<\/div>\n\t\t","protected":false},"excerpt":{"rendered":"<p>Governan\u00e7a Corporativa Com foco no desenvolvimento e longevidade dos neg\u00f3cios, a SOMA SOLUTIONS atua nas quest\u00f5es centrais da governan\u00e7a, compreendendo a maturidade de gest\u00e3o da empresa. Planejamento Societ\u00e1rio O Diagn\u00f3stico Empresarial consiste no processo de imers\u00e3o nas v\u00e1rias \u00e1reas de neg\u00f3cio de uma empresa, com o objetivo de conhecer suas caracter\u00edsticas, estrat\u00e9gias, resultados e pr\u00e1ticas [&hellip;]<\/p>\n","protected":false},"author":1,"featured_media":0,"parent":0,"menu_order":0,"comment_status":"closed","ping_status":"closed","template":"elementor_header_footer","meta":{"ocean_post_layout":"","ocean_both_sidebars_style":"","ocean_both_sidebars_content_width":0,"ocean_both_sidebars_sidebars_width":0,"ocean_sidebar":"","ocean_second_sidebar":"","ocean_disable_margins":"enable","ocean_add_body_class":"","ocean_shortcode_before_top_bar":"","ocean_shortcode_after_top_bar":"","ocean_shortcode_before_header":"","ocean_shortcode_after_header":"","ocean_has_shortcode":"","ocean_shortcode_after_title":"","ocean_shortcode_before_footer_widgets":"","ocean_shortcode_after_footer_widgets":"","ocean_shortcode_before_footer_bottom":"","ocean_shortcode_after_footer_bottom":"","ocean_display_top_bar":"default","ocean_display_header":"default","ocean_header_style":"","ocean_center_header_left_menu":"","ocean_custom_header_template":"","ocean_custom_logo":0,"ocean_custom_retina_logo":0,"ocean_custom_logo_max_width":0,"ocean_custom_logo_tablet_max_width":0,"ocean_custom_logo_mobile_max_width":0,"ocean_custom_logo_max_height":0,"ocean_custom_logo_tablet_max_height":0,"ocean_custom_logo_mobile_max_height":0,"ocean_header_custom_menu":"","ocean_menu_typo_font_family":"","ocean_menu_typo_font_subset":"","ocean_menu_typo_font_size":0,"ocean_menu_typo_font_size_tablet":0,"ocean_menu_typo_font_size_mobile":0,"ocean_menu_typo_font_size_unit":"px","ocean_menu_typo_font_weight":"","ocean_menu_typo_font_weight_tablet":"","ocean_menu_typo_font_weight_mobile":"","ocean_menu_typo_transform":"","ocean_menu_typo_transform_tablet":"","ocean_menu_typo_transform_mobile":"","ocean_menu_typo_line_height":0,"ocean_menu_typo_line_height_tablet":0,"ocean_menu_typo_line_height_mobile":0,"ocean_menu_typo_line_height_unit":"","ocean_menu_typo_spacing":0,"ocean_menu_typo_spacing_tablet":0,"ocean_menu_typo_spacing_mobile":0,"ocean_menu_typo_spacing_unit":"","ocean_menu_link_color":"","ocean_menu_link_color_hover":"","ocean_menu_link_color_active":"","ocean_menu_link_background":"","ocean_menu_link_hover_background":"","ocean_menu_link_active_background":"","ocean_menu_social_links_bg":"","ocean_menu_social_hover_links_bg":"","ocean_menu_social_links_color":"","ocean_menu_social_hover_links_color":"","ocean_disable_title":"on","ocean_disable_heading":"default","ocean_post_title":"","ocean_post_subheading":"","ocean_post_title_style":"","ocean_post_title_background_color":"","ocean_post_title_background":0,"ocean_post_title_bg_image_position":"","ocean_post_title_bg_image_attachment":"","ocean_post_title_bg_image_repeat":"","ocean_post_title_bg_image_size":"","ocean_post_title_height":0,"ocean_post_title_bg_overlay":0.5,"ocean_post_title_bg_overlay_color":"","ocean_disable_breadcrumbs":"default","ocean_breadcrumbs_color":"","ocean_breadcrumbs_separator_color":"","ocean_breadcrumbs_links_color":"","ocean_breadcrumbs_links_hover_color":"","ocean_display_footer_widgets":"off","ocean_display_footer_bottom":"off","ocean_custom_footer_template":"","footnotes":""},"class_list":["post-105","page","type-page","status-publish","hentry","entry"],"_links":{"self":[{"href":"https:\/\/soma.srv.br\/index.php\/wp-json\/wp\/v2\/pages\/105"}],"collection":[{"href":"https:\/\/soma.srv.br\/index.php\/wp-json\/wp\/v2\/pages"}],"about":[{"href":"https:\/\/soma.srv.br\/index.php\/wp-json\/wp\/v2\/types\/page"}],"author":[{"embeddable":true,"href":"https:\/\/soma.srv.br\/index.php\/wp-json\/wp\/v2\/users\/1"}],"replies":[{"embeddable":true,"href":"https:\/\/soma.srv.br\/index.php\/wp-json\/wp\/v2\/comments?post=105"}],"version-history":[{"count":10,"href":"https:\/\/soma.srv.br\/index.php\/wp-json\/wp\/v2\/pages\/105\/revisions"}],"predecessor-version":[{"id":281,"href":"https:\/\/soma.srv.br\/index.php\/wp-json\/wp\/v2\/pages\/105\/revisions\/281"}],"wp:attachment":[{"href":"https:\/\/soma.srv.br\/index.php\/wp-json\/wp\/v2\/media?parent=105"}],"curies":[{"name":"wp","href":"https:\/\/api.w.org\/{rel}","templated":true}]}}